{"id":194,"date":"2019-12-31T00:52:17","date_gmt":"2019-12-31T03:52:17","guid":{"rendered":"http:\/\/prueba.santeriaindiecito.com.ar\/?page_id=194"},"modified":"2022-05-30T15:10:58","modified_gmt":"2022-05-30T18:10:58","slug":"laboratorio-naturalia","status":"publish","type":"page","link":"https:\/\/santeriaindiecito.com.ar\/index.php\/laboratorio-naturalia\/","title":{"rendered":"Laboratorio Naturalia"},"content":{"rendered":"\t\t<div data-elementor-type=\"wp-page\" data-elementor-id=\"194\" class=\"elementor elementor-194\">\n\t\t\t\t\t\t\t\t\t<section class=\"elementor-section elementor-top-section elementor-element elementor-element-fddbf93 elementor-section-boxed elementor-section-height-default elementor-section-height-default\" data-id=\"fddbf93\" data-element_type=\"section\">\n\t\t\t\t\t\t<div class=\"elementor-container elementor-column-gap-default\">\n\t\t\t\t\t<div class=\"elementor-column elementor-col-50 elementor-top-column elementor-element elementor-element-e09bcb1\" data-id=\"e09bcb1\" data-element_type=\"column\">\n\t\t\t<div class=\"elementor-widget-wrap elementor-element-populated\">\n\t\t\t\t\t\t\t\t<section class=\"elementor-section elementor-inner-section elementor-element elementor-element-b1b2967 elementor-section-boxed elementor-section-height-default elementor-section-height-default\" data-id=\"b1b2967\" data-element_type=\"section\">\n\t\t\t\t\t\t<div class=\"elementor-container elementor-column-gap-default\">\n\t\t\t\t\t<div class=\"elementor-column elementor-col-100 elementor-inner-column elementor-element elementor-element-a485d66\" data-id=\"a485d66\" data-element_type=\"column\">\n\t\t\t<div class=\"elementor-widget-wrap elementor-element-populated\">\n\t\t\t\t\t\t\t\t<div class=\"elementor-element elementor-element-de8fcf6 elementor-widget elementor-widget-text-editor\" data-id=\"de8fcf6\" data-element_type=\"widget\" data-widget_type=\"text-editor.default\">\n\t\t\t\t<div class=\"elementor-widget-container\">\n\t\t\t\t\t\t\t<h1 style=\"text-align: right;\">Laboratorio Naturalia<\/h1>\t\t\t\t\t\t<\/div>\n\t\t\t\t<\/div>\n\t\t\t\t\t<\/div>\n\t\t<\/div>\n\t\t\t\t\t\t\t<\/div>\n\t\t<\/section>\n\t\t\t\t\t<\/div>\n\t\t<\/div>\n\t\t\t\t<div class=\"elementor-column elementor-col-50 elementor-top-column elementor-element elementor-element-aaf4196\" data-id=\"aaf4196\" data-element_type=\"column\">\n\t\t\t<div class=\"elementor-widget-wrap elementor-element-populated\">\n\t\t\t\t\t\t\t\t<div class=\"elementor-element elementor-element-22fa65d elementor-widget elementor-widget-image\" data-id=\"22fa65d\" data-element_type=\"widget\" data-widget_type=\"image.default\">\n\t\t\t\t<div class=\"elementor-widget-container\">\n\t\t\t\t\t\t\t\t\t\t\t\t\t\t\t<img decoding=\"async\" loading=\"lazy\" width=\"281\" height=\"300\" src=\"https:\/\/santeriaindiecito.com.ar\/wp-content\/uploads\/2022\/05\/gotas-naturalia-281x300.png\" class=\"attachment-medium size-medium wp-image-2504\" alt=\"\" srcset=\"https:\/\/santeriaindiecito.com.ar\/wp-content\/uploads\/2022\/05\/gotas-naturalia-281x300.png 281w, https:\/\/santeriaindiecito.com.ar\/wp-content\/uploads\/2022\/05\/gotas-naturalia.png 484w\" sizes=\"(max-width: 281px) 100vw, 281px\" \/>\t\t\t\t\t\t\t\t\t\t\t\t\t\t\t<\/div>\n\t\t\t\t<\/div>\n\t\t\t\t\t<\/div>\n\t\t<\/div>\n\t\t\t\t\t\t\t<\/div>\n\t\t<\/section>\n\t\t\t\t<section class=\"elementor-section elementor-top-section elementor-element elementor-element-54f9c71 elementor-section-boxed elementor-section-height-default elementor-section-height-default\" data-id=\"54f9c71\" data-element_type=\"section\">\n\t\t\t\t\t\t<div class=\"elementor-container elementor-column-gap-default\">\n\t\t\t\t\t<div class=\"elementor-column elementor-col-100 elementor-top-column elementor-element elementor-element-d1cbc6b\" data-id=\"d1cbc6b\" data-element_type=\"column\">\n\t\t\t<div class=\"elementor-widget-wrap elementor-element-populated\">\n\t\t\t\t\t\t\t\t\t<\/div>\n\t\t<\/div>\n\t\t\t\t\t\t\t<\/div>\n\t\t<\/section>\n\t\t\t\t<section class=\"elementor-section elementor-top-section elementor-element elementor-element-e08b62d elementor-section-boxed elementor-section-height-default elementor-section-height-default\" data-id=\"e08b62d\" data-element_type=\"section\">\n\t\t\t\t\t\t<div class=\"elementor-container elementor-column-gap-default\">\n\t\t\t\t\t<div class=\"elementor-column elementor-col-100 elementor-top-column elementor-element elementor-element-472d996\" data-id=\"472d996\" data-element_type=\"column\">\n\t\t\t<div class=\"elementor-widget-wrap elementor-element-populated\">\n\t\t\t\t\t\t\t\t<div class=\"elementor-element elementor-element-888d1e5 elementor-widget elementor-widget-text-editor\" data-id=\"888d1e5\" data-element_type=\"widget\" data-widget_type=\"text-editor.default\">\n\t\t\t\t<div class=\"elementor-widget-container\">\n\t\t\t\t\t\t\t<p style=\"text-align: center;\"><em><strong>Potencie su salud con productos extra\u00eddos de la naturaleza. 100 % naturales.<br \/><\/strong><\/em><em style=\"color: var( --e-global-color-text ); font-family: var( --e-global-typography-text-font-family ), Sans-serif; font-weight: var( --e-global-typography-text-font-weight ); background-color: var(--nv-site-bg);\"><strong>Consulte por variedad.<br \/>Pod\u00e9s descargar todas los beneficios de cada una de las gotas <a href=\"http:\/\/santeriaindiecito.com.ar\/wp-content\/uploads\/2021\/03\/folleto-naturalia-fitoterapicos.pdf\">AQU\u00cd<\/a><\/strong><\/em><\/p>\t\t\t\t\t\t<\/div>\n\t\t\t\t<\/div>\n\t\t\t\t\t<\/div>\n\t\t<\/div>\n\t\t\t\t\t\t\t<\/div>\n\t\t<\/section>\n\t\t\t\t<section class=\"elementor-section elementor-top-section elementor-element elementor-element-30cf328 elementor-section-boxed elementor-section-height-default elementor-section-height-default\" data-id=\"30cf328\" data-element_type=\"section\">\n\t\t\t\t\t\t<div class=\"elementor-container elementor-column-gap-default\">\n\t\t\t\t\t<div class=\"elementor-column elementor-col-50 elementor-top-column elementor-element elementor-element-5fef498\" data-id=\"5fef498\" data-element_type=\"column\">\n\t\t\t<div class=\"elementor-widget-wrap elementor-element-populated\">\n\t\t\t\t\t\t\t\t<div class=\"elementor-element elementor-element-abd9f4b elementor-widget elementor-widget-text-editor\" data-id=\"abd9f4b\" data-element_type=\"widget\" data-widget_type=\"text-editor.default\">\n\t\t\t\t<div class=\"elementor-widget-container\">\n\t\t\t\t\t\t\t<p><strong>Gotas Natualia (n\u00ba 1 al 30) x 60 cc<\/strong>.<\/p><p>1- Antiasm\u00e1tico<br \/>2- Antidiab\u00e9tico<br \/>3- Antirreum\u00e1tico<br \/>4- Antihemorroidal<br \/>5- Diur\u00e9tico<br \/>6- Digestivo<br \/>7- H\u00edgado<br \/>8- Hipertensi\u00f3n<br \/>9- Acido \u00farico<br \/>10- Dolores de cabeza<br \/>11- T\u00f3nico cerebral<br \/>12- Laxante<br \/>13- Reductora<br \/>14- Antiparasitario<br \/>15- Ovarios<br \/>16- Resfr\u00edo<br \/>17- Antidepresivo<br \/>18- Sedante nervioso<br \/>19- C\u00f3lico intestinal<br \/>20- Ulcera de estomago<br \/>21- Antidiarreico<br \/>22- Artritis<br \/>23- Alcoholismo<br \/>24- Menopausia<br \/>25- Cardiaca<br \/>26- Incontinencia de orina<br \/>27- Temblores<br \/>28- Psoriasis<br \/>29- Arterioesclerosis<br \/>30- Prost\u00e1tica<\/p>\t\t\t\t\t\t<\/div>\n\t\t\t\t<\/div>\n\t\t\t\t\t<\/div>\n\t\t<\/div>\n\t\t\t\t<div class=\"elementor-column elementor-col-50 elementor-top-column elementor-element elementor-element-a9ee28b\" data-id=\"a9ee28b\" data-element_type=\"column\">\n\t\t\t<div class=\"elementor-widget-wrap elementor-element-populated\">\n\t\t\t\t\t\t\t\t<div class=\"elementor-element elementor-element-cf6dc59 elementor-widget elementor-widget-text-editor\" data-id=\"cf6dc59\" data-element_type=\"widget\" data-widget_type=\"text-editor.default\">\n\t\t\t\t<div class=\"elementor-widget-container\">\n\t\t\t\t\t\t\t<p><strong>Gotas Naturalia Monohierbas x 60 c<\/strong>c.<\/p><p>31- Hamamelis<br \/>32- Valeriana<br \/>31- Tilo<br \/>34- Damiana<br \/>35- Carqueja<br \/>36- Pasionaria<br \/>37- Heliotropium<br \/>38- Aloe vera<br \/>39- Centella asiatica<br \/>40- Fucus<br \/>41- Gingko Biloba<br \/>42- U\u00f1a de gato<br \/>43- Hisopo<br \/>44- Casta\u00f1o de indias<br \/>45- Hipericon<br \/>46.-Anam\u00fa<br \/>47.- Nencia<br \/>48.- Hercampuri<br \/>49.- Cardo Mariano<br \/>50.- Graviola<br \/>51.- Cimicifuga<br \/>52.- Rompepiedra<br \/>53.- Sabal Serulata<br \/>54.- Caf\u00e9 Verde<br \/>55.- Moringa<br \/>56.- Maca<br \/>57.- Ch\u00eda<br \/>58.- T\u00e9 Verde<br \/>59.- Equinacea<br \/>60.- Alcachofa<\/p><p>\u00a0<\/p>\t\t\t\t\t\t<\/div>\n\t\t\t\t<\/div>\n\t\t\t\t\t<\/div>\n\t\t<\/div>\n\t\t\t\t\t\t\t<\/div>\n\t\t<\/section>\n\t\t\t\t\t\t\t<\/div>\n\t\t","protected":false},"excerpt":{"rendered":"<p>Laboratorio Naturalia Potencie su salud con productos extra\u00eddos de la naturaleza. 100 % naturales.Consulte por variedad.Pod\u00e9s descargar todas los beneficios de cada una de las gotas AQU\u00cd Gotas Natualia (n\u00ba 1 al 30) x 60 cc. 1- Antiasm\u00e1tico2- Antidiab\u00e9tico3- Antirreum\u00e1tico4- Antihemorroidal5- Diur\u00e9tico6- Digestivo7- H\u00edgado8- Hipertensi\u00f3n9- Acido \u00farico10- Dolores de cabeza11- T\u00f3nico cerebral12- Laxante13- Reductora14- Antiparasitario15-&hellip;&nbsp;<a href=\"https:\/\/santeriaindiecito.com.ar\/index.php\/laboratorio-naturalia\/\" class=\"\" rel=\"bookmark\">Leer m\u00e1s &raquo;<span class=\"screen-reader-text\">Laboratorio Naturalia<\/span><\/a><\/p>\n","protected":false},"author":1,"featured_media":0,"parent":0,"menu_order":0,"comment_status":"closed","ping_status":"closed","template":"page-templates\/template-pagebuilder-full-width.php","meta":{"neve_meta_sidebar":"","neve_meta_container":"","neve_meta_enable_content_width":"","neve_meta_content_width":0,"neve_meta_title_alignment":"","neve_meta_author_avatar":"","neve_post_elements_order":"","neve_meta_disable_header":"","neve_meta_disable_footer":"","neve_meta_disable_title":"","footnotes":"","_joinchat":[]},"_links":{"self":[{"href":"https:\/\/santeriaindiecito.com.ar\/index.php\/wp-json\/wp\/v2\/pages\/194"}],"collection":[{"href":"https:\/\/santeriaindiecito.com.ar\/index.php\/wp-json\/wp\/v2\/pages"}],"about":[{"href":"https:\/\/santeriaindiecito.com.ar\/index.php\/wp-json\/wp\/v2\/types\/page"}],"author":[{"embeddable":true,"href":"https:\/\/santeriaindiecito.com.ar\/index.php\/wp-json\/wp\/v2\/users\/1"}],"replies":[{"embeddable":true,"href":"https:\/\/santeriaindiecito.com.ar\/index.php\/wp-json\/wp\/v2\/comments?post=194"}],"version-history":[{"count":31,"href":"https:\/\/santeriaindiecito.com.ar\/index.php\/wp-json\/wp\/v2\/pages\/194\/revisions"}],"predecessor-version":[{"id":2513,"href":"https:\/\/santeriaindiecito.com.ar\/index.php\/wp-json\/wp\/v2\/pages\/194\/revisions\/2513"}],"wp:attachment":[{"href":"https:\/\/santeriaindiecito.com.ar\/index.php\/wp-json\/wp\/v2\/media?parent=194"}],"curies":[{"name":"wp","href":"https:\/\/api.w.org\/{rel}","templated":true}]}}