{"id":192,"date":"2019-12-31T00:52:17","date_gmt":"2019-12-31T03:52:17","guid":{"rendered":"http:\/\/prueba.santeriaindiecito.com.ar\/?page_id=192"},"modified":"2022-06-11T12:31:21","modified_gmt":"2022-06-11T15:31:21","slug":"prod-varios","status":"publish","type":"page","link":"https:\/\/santeriaindiecito.com.ar\/index.php\/prod-varios\/","title":{"rendered":"Productos varios"},"content":{"rendered":"\t\t<div data-elementor-type=\"wp-page\" data-elementor-id=\"192\" class=\"elementor elementor-192\">\n\t\t\t\t\t\t\t\t\t<section class=\"elementor-section elementor-top-section elementor-element elementor-element-6f346005 elementor-section-content-middle elementor-section-height-min-height elementor-section-boxed elementor-section-height-default elementor-section-items-middle\" data-id=\"6f346005\" data-element_type=\"section\">\n\t\t\t\t\t\t<div class=\"elementor-container elementor-column-gap-no\">\n\t\t\t\t\t<div class=\"elementor-column elementor-col-100 elementor-top-column elementor-element elementor-element-6a904b9\" data-id=\"6a904b9\" data-element_type=\"column\">\n\t\t\t<div class=\"elementor-widget-wrap elementor-element-populated\">\n\t\t\t\t\t\t\t\t<section class=\"elementor-section elementor-inner-section elementor-element elementor-element-260ef98d elementor-section-content-middle elementor-section-boxed elementor-section-height-default elementor-section-height-default\" data-id=\"260ef98d\" data-element_type=\"section\">\n\t\t\t\t\t\t<div class=\"elementor-container elementor-column-gap-no\">\n\t\t\t\t\t<div class=\"elementor-column elementor-col-50 elementor-inner-column elementor-element elementor-element-3b266563\" data-id=\"3b266563\" data-element_type=\"column\">\n\t\t\t<div class=\"elementor-widget-wrap elementor-element-populated\">\n\t\t\t\t\t\t\t\t<div class=\"elementor-element elementor-element-73216d73 elementor-position-top elementor-widget elementor-widget-image-box\" data-id=\"73216d73\" data-element_type=\"widget\" data-widget_type=\"image-box.default\">\n\t\t\t\t<div class=\"elementor-widget-container\">\n\t\t\t<div class=\"elementor-image-box-wrapper\"><figure class=\"elementor-image-box-img\"><img decoding=\"async\" loading=\"lazy\" width=\"500\" height=\"500\" src=\"https:\/\/santeriaindiecito.com.ar\/wp-content\/uploads\/2020\/10\/alcanfor.jpg\" class=\"elementor-animation-grow attachment-full size-full wp-image-1309\" alt=\"Alcanfor\" srcset=\"https:\/\/santeriaindiecito.com.ar\/wp-content\/uploads\/2020\/10\/alcanfor.jpg 500w, https:\/\/santeriaindiecito.com.ar\/wp-content\/uploads\/2020\/10\/alcanfor-300x300.jpg 300w, https:\/\/santeriaindiecito.com.ar\/wp-content\/uploads\/2020\/10\/alcanfor-150x150.jpg 150w\" sizes=\"(max-width: 500px) 100vw, 500px\" \/><\/figure><div class=\"elementor-image-box-content\"><h3 class=\"elementor-image-box-title\">Alcanfor  x unidad<\/h3><\/div><\/div>\t\t<\/div>\n\t\t\t\t<\/div>\n\t\t\t\t\t<\/div>\n\t\t<\/div>\n\t\t\t\t<div class=\"elementor-column elementor-col-50 elementor-inner-column elementor-element elementor-element-1a24b799\" data-id=\"1a24b799\" data-element_type=\"column\">\n\t\t\t<div class=\"elementor-widget-wrap elementor-element-populated\">\n\t\t\t\t\t\t\t\t<div class=\"elementor-element elementor-element-56197d32 elementor-position-top elementor-widget elementor-widget-image-box\" data-id=\"56197d32\" data-element_type=\"widget\" data-widget_type=\"image-box.default\">\n\t\t\t\t<div class=\"elementor-widget-container\">\n\t\t\t<div class=\"elementor-image-box-wrapper\"><figure class=\"elementor-image-box-img\"><img decoding=\"async\" loading=\"lazy\" width=\"500\" height=\"469\" src=\"https:\/\/santeriaindiecito.com.ar\/wp-content\/uploads\/2020\/10\/almizcle.jpg\" class=\"elementor-animation-grow attachment-full size-full wp-image-1282\" alt=\"Almizcle\" srcset=\"https:\/\/santeriaindiecito.com.ar\/wp-content\/uploads\/2020\/10\/almizcle.jpg 500w, https:\/\/santeriaindiecito.com.ar\/wp-content\/uploads\/2020\/10\/almizcle-300x281.jpg 300w\" sizes=\"(max-width: 500px) 100vw, 500px\" \/><\/figure><div class=\"elementor-image-box-content\"><h3 class=\"elementor-image-box-title\">Az\u00facar impalpable<\/h3><\/div><\/div>\t\t<\/div>\n\t\t\t\t<\/div>\n\t\t\t\t\t<\/div>\n\t\t<\/div>\n\t\t\t\t\t\t\t<\/div>\n\t\t<\/section>\n\t\t\t\t<section class=\"elementor-section elementor-inner-section elementor-element elementor-element-712897d elementor-section-content-middle elementor-section-boxed elementor-section-height-default elementor-section-height-default\" data-id=\"712897d\" data-element_type=\"section\">\n\t\t\t\t\t\t<div class=\"elementor-container elementor-column-gap-no\">\n\t\t\t\t\t<div class=\"elementor-column elementor-col-50 elementor-inner-column elementor-element elementor-element-0d0a433\" data-id=\"0d0a433\" data-element_type=\"column\">\n\t\t\t<div class=\"elementor-widget-wrap elementor-element-populated\">\n\t\t\t\t\t\t\t\t<div class=\"elementor-element elementor-element-e2d10f3 elementor-position-top elementor-widget elementor-widget-image-box\" data-id=\"e2d10f3\" data-element_type=\"widget\" data-widget_type=\"image-box.default\">\n\t\t\t\t<div class=\"elementor-widget-container\">\n\t\t\t<div class=\"elementor-image-box-wrapper\"><figure class=\"elementor-image-box-img\"><img decoding=\"async\" loading=\"lazy\" width=\"500\" height=\"500\" src=\"https:\/\/santeriaindiecito.com.ar\/wp-content\/uploads\/2020\/10\/amansa.jpg\" class=\"elementor-animation-grow attachment-full size-full wp-image-1302\" alt=\"\" srcset=\"https:\/\/santeriaindiecito.com.ar\/wp-content\/uploads\/2020\/10\/amansa.jpg 500w, https:\/\/santeriaindiecito.com.ar\/wp-content\/uploads\/2020\/10\/amansa-300x300.jpg 300w, https:\/\/santeriaindiecito.com.ar\/wp-content\/uploads\/2020\/10\/amansa-150x150.jpg 150w\" sizes=\"(max-width: 500px) 100vw, 500px\" \/><\/figure><div class=\"elementor-image-box-content\"><h3 class=\"elementor-image-box-title\">Bicarbonato de sodio<\/h3><\/div><\/div>\t\t<\/div>\n\t\t\t\t<\/div>\n\t\t\t\t\t<\/div>\n\t\t<\/div>\n\t\t\t\t<div class=\"elementor-column elementor-col-50 elementor-inner-column elementor-element elementor-element-6003ad1\" data-id=\"6003ad1\" data-element_type=\"column\">\n\t\t\t<div class=\"elementor-widget-wrap elementor-element-populated\">\n\t\t\t\t\t\t\t\t<div class=\"elementor-element elementor-element-1faef13 elementor-position-top elementor-widget elementor-widget-image-box\" data-id=\"1faef13\" data-element_type=\"widget\" data-widget_type=\"image-box.default\">\n\t\t\t\t<div class=\"elementor-widget-container\">\n\t\t\t<div class=\"elementor-image-box-wrapper\"><figure class=\"elementor-image-box-img\"><img decoding=\"async\" loading=\"lazy\" width=\"223\" height=\"200\" src=\"https:\/\/santeriaindiecito.com.ar\/wp-content\/uploads\/2021\/01\/caramelos-1.jpg\" class=\"elementor-animation-grow attachment-full size-full wp-image-1397\" alt=\"\" \/><\/figure><div class=\"elementor-image-box-content\"><h3 class=\"elementor-image-box-title\">Caramelos<br><\/h3><p class=\"elementor-image-box-description\">Prop\u00f3leo, prop\u00f3leo con eucalipto, miel, ginseng, jengibre.<\/p><\/div><\/div>\t\t<\/div>\n\t\t\t\t<\/div>\n\t\t\t\t\t<\/div>\n\t\t<\/div>\n\t\t\t\t\t\t\t<\/div>\n\t\t<\/section>\n\t\t\t\t<section class=\"elementor-section elementor-inner-section elementor-element elementor-element-a342138 elementor-section-content-middle elementor-section-boxed elementor-section-height-default elementor-section-height-default\" data-id=\"a342138\" data-element_type=\"section\">\n\t\t\t\t\t\t<div class=\"elementor-container elementor-column-gap-no\">\n\t\t\t\t\t<div class=\"elementor-column elementor-col-50 elementor-inner-column elementor-element elementor-element-38f110f\" data-id=\"38f110f\" data-element_type=\"column\">\n\t\t\t<div class=\"elementor-widget-wrap elementor-element-populated\">\n\t\t\t\t\t\t\t\t<div class=\"elementor-element elementor-element-9eac420 elementor-position-top elementor-widget elementor-widget-image-box\" data-id=\"9eac420\" data-element_type=\"widget\" data-widget_type=\"image-box.default\">\n\t\t\t\t<div class=\"elementor-widget-container\">\n\t\t\t<div class=\"elementor-image-box-wrapper\"><figure class=\"elementor-image-box-img\"><img decoding=\"async\" loading=\"lazy\" width=\"489\" height=\"510\" src=\"https:\/\/santeriaindiecito.com.ar\/wp-content\/uploads\/2021\/03\/CATARYGURIA-removebg-preview.png\" class=\"elementor-animation-grow attachment-full size-full wp-image-1854\" alt=\"\" srcset=\"https:\/\/santeriaindiecito.com.ar\/wp-content\/uploads\/2021\/03\/CATARYGURIA-removebg-preview.png 489w, https:\/\/santeriaindiecito.com.ar\/wp-content\/uploads\/2021\/03\/CATARYGURIA-removebg-preview-288x300.png 288w\" sizes=\"(max-width: 489px) 100vw, 489px\" \/><\/figure><div class=\"elementor-image-box-content\"><h3 class=\"elementor-image-box-title\">Cataryguira<\/h3><\/div><\/div>\t\t<\/div>\n\t\t\t\t<\/div>\n\t\t\t\t\t<\/div>\n\t\t<\/div>\n\t\t\t\t<div class=\"elementor-column elementor-col-50 elementor-inner-column elementor-element elementor-element-b485442\" data-id=\"b485442\" data-element_type=\"column\">\n\t\t\t<div class=\"elementor-widget-wrap elementor-element-populated\">\n\t\t\t\t\t\t\t\t<div class=\"elementor-element elementor-element-d8fec67 elementor-position-top elementor-widget elementor-widget-image-box\" data-id=\"d8fec67\" data-element_type=\"widget\" data-widget_type=\"image-box.default\">\n\t\t\t\t<div class=\"elementor-widget-container\">\n\t\t\t<div class=\"elementor-image-box-wrapper\"><figure class=\"elementor-image-box-img\"><img decoding=\"async\" loading=\"lazy\" width=\"369\" height=\"451\" src=\"https:\/\/santeriaindiecito.com.ar\/wp-content\/uploads\/2021\/01\/iguanol.png\" class=\"elementor-animation-grow attachment-full size-full wp-image-1434\" alt=\"\" srcset=\"https:\/\/santeriaindiecito.com.ar\/wp-content\/uploads\/2021\/01\/iguanol.png 369w, https:\/\/santeriaindiecito.com.ar\/wp-content\/uploads\/2021\/01\/iguanol-245x300.png 245w\" sizes=\"(max-width: 369px) 100vw, 369px\" \/><\/figure><div class=\"elementor-image-box-content\"><h3 class=\"elementor-image-box-title\">Iguanol<\/h3><\/div><\/div>\t\t<\/div>\n\t\t\t\t<\/div>\n\t\t\t\t\t<\/div>\n\t\t<\/div>\n\t\t\t\t\t\t\t<\/div>\n\t\t<\/section>\n\t\t\t\t<section class=\"elementor-section elementor-inner-section elementor-element elementor-element-6a66fdb elementor-section-content-middle elementor-section-boxed elementor-section-height-default elementor-section-height-default\" data-id=\"6a66fdb\" data-element_type=\"section\">\n\t\t\t\t\t\t<div class=\"elementor-container elementor-column-gap-no\">\n\t\t\t\t\t<div class=\"elementor-column elementor-col-50 elementor-inner-column elementor-element elementor-element-8a98df9\" data-id=\"8a98df9\" data-element_type=\"column\">\n\t\t\t<div class=\"elementor-widget-wrap elementor-element-populated\">\n\t\t\t\t\t\t\t\t<div class=\"elementor-element elementor-element-d3e560a elementor-position-top elementor-widget elementor-widget-image-box\" data-id=\"d3e560a\" data-element_type=\"widget\" data-widget_type=\"image-box.default\">\n\t\t\t\t<div class=\"elementor-widget-container\">\n\t\t\t<div class=\"elementor-image-box-wrapper\"><figure class=\"elementor-image-box-img\"><img decoding=\"async\" loading=\"lazy\" width=\"342\" height=\"519\" src=\"https:\/\/santeriaindiecito.com.ar\/wp-content\/uploads\/2021\/01\/jabon-de-vaca.png\" class=\"elementor-animation-grow attachment-full size-full wp-image-1435\" alt=\"\" srcset=\"https:\/\/santeriaindiecito.com.ar\/wp-content\/uploads\/2021\/01\/jabon-de-vaca.png 342w, https:\/\/santeriaindiecito.com.ar\/wp-content\/uploads\/2021\/01\/jabon-de-vaca-198x300.png 198w\" sizes=\"(max-width: 342px) 100vw, 342px\" \/><\/figure><div class=\"elementor-image-box-content\"><h3 class=\"elementor-image-box-title\">Jab\u00f3n de vaca<\/h3><\/div><\/div>\t\t<\/div>\n\t\t\t\t<\/div>\n\t\t\t\t\t<\/div>\n\t\t<\/div>\n\t\t\t\t<div class=\"elementor-column elementor-col-50 elementor-inner-column elementor-element elementor-element-59373e1\" data-id=\"59373e1\" data-element_type=\"column\">\n\t\t\t<div class=\"elementor-widget-wrap elementor-element-populated\">\n\t\t\t\t\t\t\t\t<div class=\"elementor-element elementor-element-0cc120a elementor-position-top elementor-widget elementor-widget-image-box\" data-id=\"0cc120a\" data-element_type=\"widget\" data-widget_type=\"image-box.default\">\n\t\t\t\t<div class=\"elementor-widget-container\">\n\t\t\t<div class=\"elementor-image-box-wrapper\"><figure class=\"elementor-image-box-img\"><img decoding=\"async\" loading=\"lazy\" width=\"393\" height=\"379\" src=\"https:\/\/santeriaindiecito.com.ar\/wp-content\/uploads\/2021\/01\/mentisan.png\" class=\"elementor-animation-grow attachment-full size-full wp-image-1433\" alt=\"mentisan\" srcset=\"https:\/\/santeriaindiecito.com.ar\/wp-content\/uploads\/2021\/01\/mentisan.png 393w, https:\/\/santeriaindiecito.com.ar\/wp-content\/uploads\/2021\/01\/mentisan-300x289.png 300w\" sizes=\"(max-width: 393px) 100vw, 393px\" \/><\/figure><div class=\"elementor-image-box-content\"><h3 class=\"elementor-image-box-title\">Mentisan lata<\/h3><\/div><\/div>\t\t<\/div>\n\t\t\t\t<\/div>\n\t\t\t\t\t<\/div>\n\t\t<\/div>\n\t\t\t\t\t\t\t<\/div>\n\t\t<\/section>\n\t\t\t\t<section class=\"elementor-section elementor-inner-section elementor-element elementor-element-b351af2 elementor-section-content-middle elementor-section-boxed elementor-section-height-default elementor-section-height-default\" data-id=\"b351af2\" data-element_type=\"section\">\n\t\t\t\t\t\t<div class=\"elementor-container elementor-column-gap-no\">\n\t\t\t\t\t<div class=\"elementor-column elementor-col-50 elementor-inner-column elementor-element elementor-element-e920395\" data-id=\"e920395\" data-element_type=\"column\">\n\t\t\t<div class=\"elementor-widget-wrap elementor-element-populated\">\n\t\t\t\t\t\t\t\t<div class=\"elementor-element elementor-element-60366a7 elementor-position-top elementor-widget elementor-widget-image-box\" data-id=\"60366a7\" data-element_type=\"widget\" data-widget_type=\"image-box.default\">\n\t\t\t\t<div class=\"elementor-widget-container\">\n\t\t\t<div class=\"elementor-image-box-wrapper\"><figure class=\"elementor-image-box-img\"><img decoding=\"async\" loading=\"lazy\" width=\"448\" height=\"557\" src=\"https:\/\/santeriaindiecito.com.ar\/wp-content\/uploads\/2021\/03\/VIVORIL-removebg-preview.png\" class=\"elementor-animation-grow attachment-full size-full wp-image-1858\" alt=\"\" srcset=\"https:\/\/santeriaindiecito.com.ar\/wp-content\/uploads\/2021\/03\/VIVORIL-removebg-preview.png 448w, https:\/\/santeriaindiecito.com.ar\/wp-content\/uploads\/2021\/03\/VIVORIL-removebg-preview-241x300.png 241w\" sizes=\"(max-width: 448px) 100vw, 448px\" \/><\/figure><div class=\"elementor-image-box-content\"><h3 class=\"elementor-image-box-title\">Vivoril<\/h3><\/div><\/div>\t\t<\/div>\n\t\t\t\t<\/div>\n\t\t\t\t\t<\/div>\n\t\t<\/div>\n\t\t\t\t<div class=\"elementor-column elementor-col-50 elementor-inner-column elementor-element elementor-element-6f49799\" data-id=\"6f49799\" data-element_type=\"column\">\n\t\t\t<div class=\"elementor-widget-wrap elementor-element-populated\">\n\t\t\t\t\t\t\t\t<div class=\"elementor-element elementor-element-0c839aa elementor-position-top elementor-widget elementor-widget-image-box\" data-id=\"0c839aa\" data-element_type=\"widget\" data-widget_type=\"image-box.default\">\n\t\t\t\t<div class=\"elementor-widget-container\">\n\t\t\t<div class=\"elementor-image-box-wrapper\"><figure class=\"elementor-image-box-img\"><img decoding=\"async\" loading=\"lazy\" width=\"251\" height=\"269\" src=\"https:\/\/santeriaindiecito.com.ar\/wp-content\/uploads\/2022\/06\/maca-kalpa-rubia.png\" class=\"elementor-animation-grow attachment-full size-full wp-image-2546\" alt=\"\" \/><\/figure><div class=\"elementor-image-box-content\"><h3 class=\"elementor-image-box-title\">Maca en polvo<\/h3><\/div><\/div>\t\t<\/div>\n\t\t\t\t<\/div>\n\t\t\t\t\t<\/div>\n\t\t<\/div>\n\t\t\t\t\t\t\t<\/div>\n\t\t<\/section>\n\t\t\t\t<section class=\"elementor-section elementor-inner-section elementor-element elementor-element-59ec656 elementor-section-content-middle elementor-section-boxed elementor-section-height-default elementor-section-height-default\" data-id=\"59ec656\" data-element_type=\"section\">\n\t\t\t\t\t\t<div class=\"elementor-container elementor-column-gap-no\">\n\t\t\t\t\t<div class=\"elementor-column elementor-col-50 elementor-inner-column elementor-element elementor-element-06d1880\" data-id=\"06d1880\" data-element_type=\"column\">\n\t\t\t<div class=\"elementor-widget-wrap elementor-element-populated\">\n\t\t\t\t\t\t\t\t<div class=\"elementor-element elementor-element-3816b44 elementor-widget elementor-widget-image\" data-id=\"3816b44\" data-element_type=\"widget\" data-widget_type=\"image.default\">\n\t\t\t\t<div class=\"elementor-widget-container\">\n\t\t\t\t\t\t\t\t\t\t\t\t\t\t\t<img decoding=\"async\" loading=\"lazy\" width=\"462\" height=\"540\" src=\"https:\/\/santeriaindiecito.com.ar\/wp-content\/uploads\/2022\/05\/maca_negra-removebg-preview.png\" class=\"attachment-large size-large wp-image-2499\" alt=\"\" srcset=\"https:\/\/santeriaindiecito.com.ar\/wp-content\/uploads\/2022\/05\/maca_negra-removebg-preview.png 462w, https:\/\/santeriaindiecito.com.ar\/wp-content\/uploads\/2022\/05\/maca_negra-removebg-preview-257x300.png 257w\" sizes=\"(max-width: 462px) 100vw, 462px\" \/>\t\t\t\t\t\t\t\t\t\t\t\t\t\t\t<\/div>\n\t\t\t\t<\/div>\n\t\t\t\t<div class=\"elementor-element elementor-element-42c6e7e elementor-widget elementor-widget-image-box\" data-id=\"42c6e7e\" data-element_type=\"widget\" data-widget_type=\"image-box.default\">\n\t\t\t\t<div class=\"elementor-widget-container\">\n\t\t\t<div class=\"elementor-image-box-wrapper\"><div class=\"elementor-image-box-content\"><h3 class=\"elementor-image-box-title\">Maca negra en polvo<\/h3><\/div><\/div>\t\t<\/div>\n\t\t\t\t<\/div>\n\t\t\t\t\t<\/div>\n\t\t<\/div>\n\t\t\t\t<div class=\"elementor-column elementor-col-50 elementor-inner-column elementor-element elementor-element-7d337ee\" data-id=\"7d337ee\" data-element_type=\"column\">\n\t\t\t<div class=\"elementor-widget-wrap\">\n\t\t\t\t\t\t\t\t\t<\/div>\n\t\t<\/div>\n\t\t\t\t\t\t\t<\/div>\n\t\t<\/section>\n\t\t\t\t\t<\/div>\n\t\t<\/div>\n\t\t\t\t\t\t\t<\/div>\n\t\t<\/section>\n\t\t\t\t\t\t\t<\/div>\n\t\t","protected":false},"excerpt":{"rendered":"<p>Alcanfor x unidad Az\u00facar impalpable Bicarbonato de sodio Caramelos Prop\u00f3leo, prop\u00f3leo con eucalipto, miel, ginseng, jengibre. Cataryguira Iguanol Jab\u00f3n de vaca Mentisan lata Vivoril Maca en polvo Maca negra en polvo<\/p>\n","protected":false},"author":1,"featured_media":0,"parent":0,"menu_order":0,"comment_status":"closed","ping_status":"closed","template":"","meta":{"neve_meta_sidebar":"","neve_meta_container":"","neve_meta_enable_content_width":"","neve_meta_content_width":0,"neve_meta_title_alignment":"","neve_meta_author_avatar":"","neve_post_elements_order":"","neve_meta_disable_header":"","neve_meta_disable_footer":"","neve_meta_disable_title":"","footnotes":"","_joinchat":[]},"_links":{"self":[{"href":"https:\/\/santeriaindiecito.com.ar\/index.php\/wp-json\/wp\/v2\/pages\/192"}],"collection":[{"href":"https:\/\/santeriaindiecito.com.ar\/index.php\/wp-json\/wp\/v2\/pages"}],"about":[{"href":"https:\/\/santeriaindiecito.com.ar\/index.php\/wp-json\/wp\/v2\/types\/page"}],"author":[{"embeddable":true,"href":"https:\/\/santeriaindiecito.com.ar\/index.php\/wp-json\/wp\/v2\/users\/1"}],"replies":[{"embeddable":true,"href":"https:\/\/santeriaindiecito.com.ar\/index.php\/wp-json\/wp\/v2\/comments?post=192"}],"version-history":[{"count":33,"href":"https:\/\/santeriaindiecito.com.ar\/index.php\/wp-json\/wp\/v2\/pages\/192\/revisions"}],"predecessor-version":[{"id":2561,"href":"https:\/\/santeriaindiecito.com.ar\/index.php\/wp-json\/wp\/v2\/pages\/192\/revisions\/2561"}],"wp:attachment":[{"href":"https:\/\/santeriaindiecito.com.ar\/index.php\/wp-json\/wp\/v2\/media?parent=192"}],"curies":[{"name":"wp","href":"https:\/\/api.w.org\/{rel}","templated":true}]}}