{"id":191,"date":"2019-12-31T00:52:17","date_gmt":"2019-12-31T03:52:17","guid":{"rendered":"http:\/\/prueba.santeriaindiecito.com.ar\/?page_id=191"},"modified":"2021-01-29T15:18:18","modified_gmt":"2021-01-29T18:18:18","slug":"esencias","status":"publish","type":"page","link":"https:\/\/santeriaindiecito.com.ar\/index.php\/esencias\/","title":{"rendered":"Esencias"},"content":{"rendered":"\t\t<div data-elementor-type=\"wp-page\" data-elementor-id=\"191\" class=\"elementor elementor-191\">\n\t\t\t\t\t\t\t\t\t<section class=\"elementor-section elementor-top-section elementor-element elementor-element-557cdd8 elementor-section-boxed elementor-section-height-default elementor-section-height-default\" data-id=\"557cdd8\" data-element_type=\"section\">\n\t\t\t\t\t\t<div class=\"elementor-container elementor-column-gap-default\">\n\t\t\t\t\t<div class=\"elementor-column elementor-col-100 elementor-top-column elementor-element elementor-element-55c79ed\" data-id=\"55c79ed\" data-element_type=\"column\">\n\t\t\t<div class=\"elementor-widget-wrap elementor-element-populated\">\n\t\t\t\t\t\t\t\t<div class=\"elementor-element elementor-element-d08925a elementor-widget elementor-widget-heading\" data-id=\"d08925a\" data-element_type=\"widget\" data-widget_type=\"heading.default\">\n\t\t\t\t<div class=\"elementor-widget-container\">\n\t\t\t<h2 class=\"elementor-heading-title elementor-size-default\">Esencias<\/h2>\t\t<\/div>\n\t\t\t\t<\/div>\n\t\t\t\t\t<\/div>\n\t\t<\/div>\n\t\t\t\t\t\t\t<\/div>\n\t\t<\/section>\n\t\t\t\t<section class=\"elementor-section elementor-top-section elementor-element elementor-element-2869095 elementor-section-boxed elementor-section-height-default elementor-section-height-default\" data-id=\"2869095\" data-element_type=\"section\">\n\t\t\t\t\t\t<div class=\"elementor-container elementor-column-gap-default\">\n\t\t\t\t\t<div class=\"elementor-column elementor-col-50 elementor-top-column elementor-element elementor-element-2e5c87a\" data-id=\"2e5c87a\" data-element_type=\"column\">\n\t\t\t<div class=\"elementor-widget-wrap elementor-element-populated\">\n\t\t\t\t\t\t\t\t<div class=\"elementor-element elementor-element-8bf8925 elementor-widget elementor-widget-text-editor\" data-id=\"8bf8925\" data-element_type=\"widget\" data-widget_type=\"text-editor.default\">\n\t\t\t\t<div class=\"elementor-widget-container\">\n\t\t\t\t\t\t\t<p><strong>Esencias Navira y Esencias Aromas del cielo x 10 cm3<\/strong><br \/>Ajo, Albahaca, Almizcle, \u00c1mbar, Artemisa, Azahar, Benju\u00ed, Bergamota, Cal\u00e9ndula, Canela, Cedro, Celidonia, Cipr\u00e9s, Citronela, Clavel, Coco, Enebro, Estoraque, Eucalipto, Fresa, Floral, Frutilla, Gardenia, Geranio, Heliotropium, Heno, Incienso, Jazm\u00edn, Jengibre, Laurel, Lavanda, Lemon grass, Lila, Lim\u00f3n, Lirio, Loto, Madreselva, Maderas de oriente, Magnolia, Mandarina, Manzana, Manzanilla, Melisa, Menta, Mil en rama, Mirra, Mouget, Musk, Naranja, Nardo, Nerol\u00ed, Nina Ricci, Opium, Paco Rabanna, Patchouly, Pino, Primavera, Pr\u00edmula, Pomelo, Reina de la noche, Romero, Rosas, Ruda, S\u00e1ndalo, S\u00e1ndalo hind\u00fa, S\u00e1ndalo dulce, Tilo, Tomillo, Trigo, Vainilla, Venus, Verbena, Vetiver, Violeta, Yagra, Ylang Ylang.<\/p>\t\t\t\t\t\t<\/div>\n\t\t\t\t<\/div>\n\t\t\t\t\t<\/div>\n\t\t<\/div>\n\t\t\t\t<div class=\"elementor-column elementor-col-50 elementor-top-column elementor-element elementor-element-8a99031\" data-id=\"8a99031\" data-element_type=\"column\">\n\t\t\t<div class=\"elementor-widget-wrap elementor-element-populated\">\n\t\t\t\t\t\t\t\t<div class=\"elementor-element elementor-element-16f9845 elementor-widget elementor-widget-image\" data-id=\"16f9845\" data-element_type=\"widget\" data-widget_type=\"image.default\">\n\t\t\t\t<div class=\"elementor-widget-container\">\n\t\t\t\t\t\t\t\t\t\t\t\t\t\t\t<img decoding=\"async\" loading=\"lazy\" width=\"300\" height=\"300\" src=\"https:\/\/santeriaindiecito.com.ar\/wp-content\/uploads\/2021\/01\/esencias-300x300.jpg\" class=\"attachment-medium size-medium wp-image-1510\" alt=\"\" srcset=\"https:\/\/santeriaindiecito.com.ar\/wp-content\/uploads\/2021\/01\/esencias-300x300.jpg 300w, https:\/\/santeriaindiecito.com.ar\/wp-content\/uploads\/2021\/01\/esencias-150x150.jpg 150w, https:\/\/santeriaindiecito.com.ar\/wp-content\/uploads\/2021\/01\/esencias.jpg 600w\" sizes=\"(max-width: 300px) 100vw, 300px\" \/>\t\t\t\t\t\t\t\t\t\t\t\t\t\t\t<\/div>\n\t\t\t\t<\/div>\n\t\t\t\t\t<\/div>\n\t\t<\/div>\n\t\t\t\t\t\t\t<\/div>\n\t\t<\/section>\n\t\t\t\t<section class=\"elementor-section elementor-top-section elementor-element elementor-element-46333c8 elementor-section-boxed elementor-section-height-default elementor-section-height-default\" data-id=\"46333c8\" data-element_type=\"section\">\n\t\t\t\t\t\t<div class=\"elementor-container elementor-column-gap-default\">\n\t\t\t\t\t<div class=\"elementor-column elementor-col-50 elementor-top-column elementor-element elementor-element-79484f6\" data-id=\"79484f6\" data-element_type=\"column\">\n\t\t\t<div class=\"elementor-widget-wrap elementor-element-populated\">\n\t\t\t\t\t\t\t\t<div class=\"elementor-element elementor-element-e74361e elementor-widget elementor-widget-text-editor\" data-id=\"e74361e\" data-element_type=\"widget\" data-widget_type=\"text-editor.default\">\n\t\t\t\t<div class=\"elementor-widget-container\">\n\t\t\t\t\t\t\t<p><strong>Esencias s\u00f3lidas:<\/strong>\u00a0bebe, coco, durazno, fresa, frutilla, incienso, jazm\u00edn, lavanda, lim\u00f3n, manzana, mil flores, mirra, naranja, nardo, opium, reina de la noche, rosas, s\u00e1ndalo, vainilla, violeta, nag champa, espiritual guide, chandan, sai flora, gulab, sai darshan<br \/><strong>Esencias l\u00edquidas por litros<\/strong>\u00a0(los mismos aromas de las Esencias Navira y Esencias Aromas del cielo<\/p>\t\t\t\t\t\t<\/div>\n\t\t\t\t<\/div>\n\t\t\t\t\t<\/div>\n\t\t<\/div>\n\t\t\t\t<div class=\"elementor-column elementor-col-50 elementor-top-column elementor-element elementor-element-68049ea\" data-id=\"68049ea\" data-element_type=\"column\">\n\t\t\t<div class=\"elementor-widget-wrap\">\n\t\t\t\t\t\t\t\t\t<\/div>\n\t\t<\/div>\n\t\t\t\t\t\t\t<\/div>\n\t\t<\/section>\n\t\t\t\t\t\t\t<\/div>\n\t\t","protected":false},"excerpt":{"rendered":"<p>Esencias Esencias Navira y Esencias Aromas del cielo x 10 cm3Ajo, Albahaca, Almizcle, \u00c1mbar, Artemisa, Azahar, Benju\u00ed, Bergamota, Cal\u00e9ndula, Canela, Cedro, Celidonia, Cipr\u00e9s, Citronela, Clavel, Coco, Enebro, Estoraque, Eucalipto, Fresa, Floral, Frutilla, Gardenia, Geranio, Heliotropium, Heno, Incienso, Jazm\u00edn, Jengibre, Laurel, Lavanda, Lemon grass, Lila, Lim\u00f3n, Lirio, Loto, Madreselva, Maderas de oriente, Magnolia, Mandarina, Manzana, Manzanilla,&hellip;&nbsp;<a href=\"https:\/\/santeriaindiecito.com.ar\/index.php\/esencias\/\" class=\"\" rel=\"bookmark\">Leer m\u00e1s &raquo;<span class=\"screen-reader-text\">Esencias<\/span><\/a><\/p>\n","protected":false},"author":1,"featured_media":0,"parent":0,"menu_order":0,"comment_status":"closed","ping_status":"closed","template":"page-templates\/template-pagebuilder-full-width.php","meta":{"neve_meta_sidebar":"","neve_meta_container":"","neve_meta_enable_content_width":"","neve_meta_content_width":0,"neve_meta_title_alignment":"","neve_meta_author_avatar":"","neve_post_elements_order":"","neve_meta_disable_header":"","neve_meta_disable_footer":"","neve_meta_disable_title":"","footnotes":"","_joinchat":[]},"_links":{"self":[{"href":"https:\/\/santeriaindiecito.com.ar\/index.php\/wp-json\/wp\/v2\/pages\/191"}],"collection":[{"href":"https:\/\/santeriaindiecito.com.ar\/index.php\/wp-json\/wp\/v2\/pages"}],"about":[{"href":"https:\/\/santeriaindiecito.com.ar\/index.php\/wp-json\/wp\/v2\/types\/page"}],"author":[{"embeddable":true,"href":"https:\/\/santeriaindiecito.com.ar\/index.php\/wp-json\/wp\/v2\/users\/1"}],"replies":[{"embeddable":true,"href":"https:\/\/santeriaindiecito.com.ar\/index.php\/wp-json\/wp\/v2\/comments?post=191"}],"version-history":[{"count":4,"href":"https:\/\/santeriaindiecito.com.ar\/index.php\/wp-json\/wp\/v2\/pages\/191\/revisions"}],"predecessor-version":[{"id":1520,"href":"https:\/\/santeriaindiecito.com.ar\/index.php\/wp-json\/wp\/v2\/pages\/191\/revisions\/1520"}],"wp:attachment":[{"href":"https:\/\/santeriaindiecito.com.ar\/index.php\/wp-json\/wp\/v2\/media?parent=191"}],"curies":[{"name":"wp","href":"https:\/\/api.w.org\/{rel}","templated":true}]}}