{"id":181,"date":"2019-12-31T00:52:17","date_gmt":"2019-12-31T03:52:17","guid":{"rendered":"http:\/\/prueba.santeriaindiecito.com.ar\/?page_id=181"},"modified":"2021-04-29T15:28:16","modified_gmt":"2021-04-29T18:28:16","slug":"libros","status":"publish","type":"page","link":"https:\/\/santeriaindiecito.com.ar\/index.php\/libros\/","title":{"rendered":"Libros"},"content":{"rendered":"\t\t<div data-elementor-type=\"wp-page\" data-elementor-id=\"181\" class=\"elementor elementor-181\">\n\t\t\t\t\t\t\t\t\t<section class=\"elementor-section elementor-top-section elementor-element elementor-element-f97ed81 elementor-section-boxed elementor-section-height-default elementor-section-height-default\" data-id=\"f97ed81\" data-element_type=\"section\">\n\t\t\t\t\t\t<div class=\"elementor-container elementor-column-gap-default\">\n\t\t\t\t\t<div class=\"elementor-column elementor-col-100 elementor-top-column elementor-element elementor-element-c3cd1e8\" data-id=\"c3cd1e8\" data-element_type=\"column\">\n\t\t\t<div class=\"elementor-widget-wrap elementor-element-populated\">\n\t\t\t\t\t\t\t\t<div class=\"elementor-element elementor-element-eabb4da elementor-widget elementor-widget-heading\" data-id=\"eabb4da\" data-element_type=\"widget\" data-widget_type=\"heading.default\">\n\t\t\t\t<div class=\"elementor-widget-container\">\n\t\t\t<h2 class=\"elementor-heading-title elementor-size-default\">Libros<\/h2>\t\t<\/div>\n\t\t\t\t<\/div>\n\t\t\t\t\t<\/div>\n\t\t<\/div>\n\t\t\t\t\t\t\t<\/div>\n\t\t<\/section>\n\t\t\t\t<section class=\"elementor-section elementor-top-section elementor-element elementor-element-3a32d3a elementor-section-boxed elementor-section-height-default elementor-section-height-default\" data-id=\"3a32d3a\" data-element_type=\"section\">\n\t\t\t\t\t\t<div class=\"elementor-container elementor-column-gap-default\">\n\t\t\t\t\t<div class=\"elementor-column elementor-col-100 elementor-top-column elementor-element elementor-element-b00d8ed\" data-id=\"b00d8ed\" data-element_type=\"column\">\n\t\t\t<div class=\"elementor-widget-wrap elementor-element-populated\">\n\t\t\t\t\t\t\t\t<div class=\"elementor-element elementor-element-5f7459a elementor-widget elementor-widget-image\" data-id=\"5f7459a\" data-element_type=\"widget\" data-widget_type=\"image.default\">\n\t\t\t\t<div class=\"elementor-widget-container\">\n\t\t\t\t\t\t\t\t\t\t\t\t\t\t\t<img decoding=\"async\" loading=\"lazy\" width=\"930\" height=\"200\" src=\"https:\/\/santeriaindiecito.com.ar\/wp-content\/uploads\/2020\/10\/cabeceraLibros.jpg\" class=\"attachment-full size-full wp-image-1255\" alt=\"\" srcset=\"https:\/\/santeriaindiecito.com.ar\/wp-content\/uploads\/2020\/10\/cabeceraLibros.jpg 930w, https:\/\/santeriaindiecito.com.ar\/wp-content\/uploads\/2020\/10\/cabeceraLibros-300x65.jpg 300w, https:\/\/santeriaindiecito.com.ar\/wp-content\/uploads\/2020\/10\/cabeceraLibros-768x165.jpg 768w\" sizes=\"(max-width: 930px) 100vw, 930px\" \/>\t\t\t\t\t\t\t\t\t\t\t\t\t\t\t<\/div>\n\t\t\t\t<\/div>\n\t\t\t\t\t<\/div>\n\t\t<\/div>\n\t\t\t\t\t\t\t<\/div>\n\t\t<\/section>\n\t\t\t\t<section class=\"elementor-section elementor-top-section elementor-element elementor-element-cc740a4 elementor-section-boxed elementor-section-height-default elementor-section-height-default\" data-id=\"cc740a4\" data-element_type=\"section\">\n\t\t\t\t\t\t\t<div class=\"elementor-background-overlay\"><\/div>\n\t\t\t\t\t\t\t<div class=\"elementor-container elementor-column-gap-default\">\n\t\t\t\t\t<div class=\"elementor-column elementor-col-50 elementor-top-column elementor-element elementor-element-56dfe78\" data-id=\"56dfe78\" data-element_type=\"column\">\n\t\t\t<div class=\"elementor-widget-wrap elementor-element-populated\">\n\t\t\t\t\t\t\t\t<div class=\"elementor-element elementor-element-52cab57 elementor-widget elementor-widget-text-editor\" data-id=\"52cab57\" data-element_type=\"widget\" data-widget_type=\"text-editor.default\">\n\t\t\t\t<div class=\"elementor-widget-container\">\n\t\t\t\t\t\t\t<h1 style=\"letter-spacing: normal;\"><strong>EDITORIAL CEFERINO<\/strong><\/h1><h6 style=\"letter-spacing: normal;\">Umbanda<br \/>San Benito\u00a0<br \/>San Cono<br \/>Devoci\u00f3n al Divino Ni\u00f1o<br \/>San Antonio de Padua<br \/>El Zod\u00edaco y sus signos<br \/>Colecci\u00f3n n\u00ba1<br \/>Colecci\u00f3n n\u00ba2<br \/>San Expedito<br \/>San Jorge<br \/>El poder de la Pir\u00e1mide<br \/>Dietas<\/h6>\t\t\t\t\t\t<\/div>\n\t\t\t\t<\/div>\n\t\t\t\t\t<\/div>\n\t\t<\/div>\n\t\t\t\t<div class=\"elementor-column elementor-col-50 elementor-top-column elementor-element elementor-element-beb2684\" data-id=\"beb2684\" data-element_type=\"column\">\n\t\t\t<div class=\"elementor-widget-wrap elementor-element-populated\">\n\t\t\t\t\t\t\t\t<div class=\"elementor-element elementor-element-46e2d78 elementor-widget elementor-widget-text-editor\" data-id=\"46e2d78\" data-element_type=\"widget\" data-widget_type=\"text-editor.default\">\n\t\t\t\t<div class=\"elementor-widget-container\">\n\t\t\t\t\t\t\t<h1><strong>SANTORAL CAT\u00d3LICO Y POPULAR<\/strong><\/h1><h6>La historia de San Jorge<br \/>La Cruz orlada<br \/>El Padre P\u00edo<br \/>San Ram\u00f3n Nonato<br \/>Sans\u00f3n<br \/>Sans\u00f3n-Gauchito-San La Muerte<br \/>Los misterios de San Onofre<br \/>Padre P\u00edo<br \/>San Marcos de Le\u00f3n<br \/>San Cayetano<br \/>Mar\u00eda Rosa M\u00edstica<br \/>La Virgen del Rosario de San Nicol\u00e1s<br \/>Nuestra Se\u00f1ora de la Rosa M\u00edstica<br \/>Santa Catalina de Alejandr\u00eda<br \/>Santa B\u00e1rbara<br \/>Gauchito Gil<br \/>San La Muerte<br \/>Francisco el Papa de los<br \/>pobres<br \/>Beata Catalina de Mar\u00eda<br \/>Nuestra Se\u00f1ora de Lourdes\/F\u00e1tima<br \/>Virgen de Lourdes<br \/>La Difunta Correa<br \/>San Cono<br \/>San Benito Abad<br \/>La historia de San Jorge<br \/>San Jorge<br \/>El culto al Gauchito Gil<br \/>San Marcos de Le\u00f3n<\/h6>\t\t\t\t\t\t<\/div>\n\t\t\t\t<\/div>\n\t\t\t\t\t<\/div>\n\t\t<\/div>\n\t\t\t\t\t\t\t<\/div>\n\t\t<\/section>\n\t\t\t\t<section class=\"elementor-section elementor-top-section elementor-element elementor-element-489e127 elementor-section-boxed elementor-section-height-default elementor-section-height-default\" data-id=\"489e127\" data-element_type=\"section\">\n\t\t\t\t\t\t<div class=\"elementor-container elementor-column-gap-default\">\n\t\t\t\t\t<div class=\"elementor-column elementor-col-50 elementor-top-column elementor-element elementor-element-3d38206\" data-id=\"3d38206\" data-element_type=\"column\">\n\t\t\t<div class=\"elementor-widget-wrap elementor-element-populated\">\n\t\t\t\t\t\t\t\t<div class=\"elementor-element elementor-element-c2e4e5d elementor-widget elementor-widget-text-editor\" data-id=\"c2e4e5d\" data-element_type=\"widget\" data-widget_type=\"text-editor.default\">\n\t\t\t\t<div class=\"elementor-widget-container\">\n\t\t\t\t\t\t\t<h1><strong>MANCIAS<\/strong><\/h1><h6>Aromaterapia<br \/>El ojo de Horus<br \/>Hor\u00f3scopo chino<br \/>Los n\u00fameros y los sue\u00f1os<br \/>Feng Shu\u00ed<br \/>Los misterios desvelados del T\u00e1rot<br \/>El arte de interpretar el mensaje de las velas<br \/>El arte de los distintos trabajos de magia<br \/>El arte de las defumaciones<br \/>El arte de diferenciar y percibir<br \/>El arte de las ayudas de salud<br \/>Trabajos de amor gitano<br \/>Sue\u00f1os y trabajos de magia<br \/>Pueblo gitano<br \/>Limpieza<br \/>Abracaminos<br \/>Retornos<br \/>Hechizos de amor<\/h6>\t\t\t\t\t\t<\/div>\n\t\t\t\t<\/div>\n\t\t\t\t\t<\/div>\n\t\t<\/div>\n\t\t\t\t<div class=\"elementor-column elementor-col-50 elementor-top-column elementor-element elementor-element-17c664c\" data-id=\"17c664c\" data-element_type=\"column\">\n\t\t\t<div class=\"elementor-widget-wrap elementor-element-populated\">\n\t\t\t\t\t\t\t\t<div class=\"elementor-element elementor-element-f1ba024 elementor-widget elementor-widget-text-editor\" data-id=\"f1ba024\" data-element_type=\"widget\" data-widget_type=\"text-editor.default\">\n\t\t\t\t<div class=\"elementor-widget-container\">\n\t\t\t\t\t\t\t<h1 style=\"letter-spacing: normal;\"><strong>UMBANDA<\/strong><\/h1><h5 style=\"letter-spacing: normal;\">Ex\u00fa y Pomba Gira<br \/>Orix\u00e1s puntos cantados y riscados<br \/>Pretos Velhos<\/h5>\t\t\t\t\t\t<\/div>\n\t\t\t\t<\/div>\n\t\t\t\t\t<\/div>\n\t\t<\/div>\n\t\t\t\t\t\t\t<\/div>\n\t\t<\/section>\n\t\t\t\t\t\t\t<\/div>\n\t\t","protected":false},"excerpt":{"rendered":"<p>Libros EDITORIAL CEFERINO UmbandaSan Benito\u00a0San ConoDevoci\u00f3n al Divino Ni\u00f1oSan Antonio de PaduaEl Zod\u00edaco y sus signosColecci\u00f3n n\u00ba1Colecci\u00f3n n\u00ba2San ExpeditoSan JorgeEl poder de la Pir\u00e1mideDietas SANTORAL CAT\u00d3LICO Y POPULAR La historia de San JorgeLa Cruz orladaEl Padre P\u00edoSan Ram\u00f3n NonatoSans\u00f3nSans\u00f3n-Gauchito-San La MuerteLos misterios de San OnofrePadre P\u00edoSan Marcos de Le\u00f3nSan CayetanoMar\u00eda Rosa M\u00edsticaLa Virgen del Rosario&hellip;&nbsp;<a href=\"https:\/\/santeriaindiecito.com.ar\/index.php\/libros\/\" class=\"\" rel=\"bookmark\">Leer m\u00e1s &raquo;<span class=\"screen-reader-text\">Libros<\/span><\/a><\/p>\n","protected":false},"author":1,"featured_media":0,"parent":0,"menu_order":0,"comment_status":"closed","ping_status":"closed","template":"page-templates\/template-pagebuilder-full-width.php","meta":{"neve_meta_sidebar":"","neve_meta_container":"","neve_meta_enable_content_width":"","neve_meta_content_width":0,"neve_meta_title_alignment":"","neve_meta_author_avatar":"","neve_post_elements_order":"","neve_meta_disable_header":"","neve_meta_disable_footer":"","neve_meta_disable_title":"","footnotes":"","_joinchat":[]},"_links":{"self":[{"href":"https:\/\/santeriaindiecito.com.ar\/index.php\/wp-json\/wp\/v2\/pages\/181"}],"collection":[{"href":"https:\/\/santeriaindiecito.com.ar\/index.php\/wp-json\/wp\/v2\/pages"}],"about":[{"href":"https:\/\/santeriaindiecito.com.ar\/index.php\/wp-json\/wp\/v2\/types\/page"}],"author":[{"embeddable":true,"href":"https:\/\/santeriaindiecito.com.ar\/index.php\/wp-json\/wp\/v2\/users\/1"}],"replies":[{"embeddable":true,"href":"https:\/\/santeriaindiecito.com.ar\/index.php\/wp-json\/wp\/v2\/comments?post=181"}],"version-history":[{"count":15,"href":"https:\/\/santeriaindiecito.com.ar\/index.php\/wp-json\/wp\/v2\/pages\/181\/revisions"}],"predecessor-version":[{"id":2056,"href":"https:\/\/santeriaindiecito.com.ar\/index.php\/wp-json\/wp\/v2\/pages\/181\/revisions\/2056"}],"wp:attachment":[{"href":"https:\/\/santeriaindiecito.com.ar\/index.php\/wp-json\/wp\/v2\/media?parent=181"}],"curies":[{"name":"wp","href":"https:\/\/api.w.org\/{rel}","templated":true}]}}