{"id":176,"date":"2019-12-31T00:52:17","date_gmt":"2019-12-31T03:52:17","guid":{"rendered":"http:\/\/prueba.santeriaindiecito.com.ar\/?page_id=176"},"modified":"2022-06-06T16:32:42","modified_gmt":"2022-06-06T19:32:42","slug":"decoracion-navidad","status":"publish","type":"page","link":"https:\/\/santeriaindiecito.com.ar\/index.php\/decoracion-navidad\/","title":{"rendered":"Decoraci\u00f3n navidad"},"content":{"rendered":"\t\t<div data-elementor-type=\"wp-page\" data-elementor-id=\"176\" class=\"elementor elementor-176\">\n\t\t\t\t\t\t\t\t\t<section class=\"elementor-section elementor-top-section elementor-element elementor-element-1c88f427 elementor-section-content-middle elementor-section-height-min-height elementor-section-boxed elementor-section-height-default elementor-section-items-middle\" data-id=\"1c88f427\" data-element_type=\"section\">\n\t\t\t\t\t\t<div class=\"elementor-container elementor-column-gap-no\">\n\t\t\t\t\t<div class=\"elementor-column elementor-col-100 elementor-top-column elementor-element elementor-element-4b3664f7\" data-id=\"4b3664f7\" data-element_type=\"column\">\n\t\t\t<div class=\"elementor-widget-wrap elementor-element-populated\">\n\t\t\t\t\t\t\t\t<section class=\"elementor-section elementor-inner-section elementor-element elementor-element-ed1c7ac elementor-section-content-middle elementor-section-boxed elementor-section-height-default elementor-section-height-default\" data-id=\"ed1c7ac\" data-element_type=\"section\">\n\t\t\t\t\t\t<div class=\"elementor-container elementor-column-gap-no\">\n\t\t\t\t\t<div class=\"elementor-column elementor-col-50 elementor-inner-column elementor-element elementor-element-214fc1c2\" data-id=\"214fc1c2\" data-element_type=\"column\">\n\t\t\t<div class=\"elementor-widget-wrap elementor-element-populated\">\n\t\t\t\t\t\t\t\t<div class=\"elementor-element elementor-element-24eedeff elementor-position-top elementor-widget elementor-widget-image-box\" data-id=\"24eedeff\" data-element_type=\"widget\" data-widget_type=\"image-box.default\">\n\t\t\t\t<div class=\"elementor-widget-container\">\n\t\t\t<div class=\"elementor-image-box-wrapper\"><figure class=\"elementor-image-box-img\"><img decoding=\"async\" loading=\"lazy\" width=\"224\" height=\"300\" src=\"https:\/\/santeriaindiecito.com.ar\/wp-content\/uploads\/2021\/10\/Estrella-de-Belen-224x300.jpg\" class=\"elementor-animation-grow attachment-medium size-medium wp-image-2207\" alt=\"\" srcset=\"https:\/\/santeriaindiecito.com.ar\/wp-content\/uploads\/2021\/10\/Estrella-de-Belen-224x300.jpg 224w, https:\/\/santeriaindiecito.com.ar\/wp-content\/uploads\/2021\/10\/Estrella-de-Belen.jpg 500w\" sizes=\"(max-width: 224px) 100vw, 224px\" \/><\/figure><div class=\"elementor-image-box-content\"><h3 class=\"elementor-image-box-title\">Estrella de Bel\u00e9n<\/h3><\/div><\/div>\t\t<\/div>\n\t\t\t\t<\/div>\n\t\t\t\t\t<\/div>\n\t\t<\/div>\n\t\t\t\t<div class=\"elementor-column elementor-col-50 elementor-inner-column elementor-element elementor-element-5b72325e\" data-id=\"5b72325e\" data-element_type=\"column\">\n\t\t\t<div class=\"elementor-widget-wrap elementor-element-populated\">\n\t\t\t\t\t\t\t\t<div class=\"elementor-element elementor-element-1bd2861d elementor-position-top elementor-widget elementor-widget-image-box\" data-id=\"1bd2861d\" data-element_type=\"widget\" data-widget_type=\"image-box.default\">\n\t\t\t\t<div class=\"elementor-widget-container\">\n\t\t\t<div class=\"elementor-image-box-wrapper\"><figure class=\"elementor-image-box-img\"><img decoding=\"async\" loading=\"lazy\" width=\"228\" height=\"300\" src=\"https:\/\/santeriaindiecito.com.ar\/wp-content\/uploads\/2021\/10\/vela-pinito-copia-228x300.jpg\" class=\"elementor-animation-grow attachment-medium size-medium wp-image-2208\" alt=\"\" srcset=\"https:\/\/santeriaindiecito.com.ar\/wp-content\/uploads\/2021\/10\/vela-pinito-copia-228x300.jpg 228w, https:\/\/santeriaindiecito.com.ar\/wp-content\/uploads\/2021\/10\/vela-pinito-copia.jpg 649w\" sizes=\"(max-width: 228px) 100vw, 228px\" \/><\/figure><div class=\"elementor-image-box-content\"><h3 class=\"elementor-image-box-title\">Pinitos<\/h3><\/div><\/div>\t\t<\/div>\n\t\t\t\t<\/div>\n\t\t\t\t\t<\/div>\n\t\t<\/div>\n\t\t\t\t\t\t\t<\/div>\n\t\t<\/section>\n\t\t\t\t<section class=\"elementor-section elementor-inner-section elementor-element elementor-element-a081d63 elementor-section-content-middle elementor-section-boxed elementor-section-height-default elementor-section-height-default\" data-id=\"a081d63\" data-element_type=\"section\">\n\t\t\t\t\t\t<div class=\"elementor-container elementor-column-gap-no\">\n\t\t\t\t\t<div class=\"elementor-column elementor-col-50 elementor-inner-column elementor-element elementor-element-fa2cf73\" data-id=\"fa2cf73\" data-element_type=\"column\">\n\t\t\t<div class=\"elementor-widget-wrap elementor-element-populated\">\n\t\t\t\t\t\t\t\t<div class=\"elementor-element elementor-element-a21d27f elementor-position-top elementor-widget elementor-widget-image-box\" data-id=\"a21d27f\" data-element_type=\"widget\" data-widget_type=\"image-box.default\">\n\t\t\t\t<div class=\"elementor-widget-container\">\n\t\t\t<div class=\"elementor-image-box-wrapper\"><figure class=\"elementor-image-box-img\"><img decoding=\"async\" loading=\"lazy\" width=\"144\" height=\"228\" src=\"https:\/\/santeriaindiecito.com.ar\/wp-content\/uploads\/2021\/10\/CASA-CON-ANGEL.jpg\" class=\"elementor-animation-grow attachment-medium_large size-medium_large wp-image-2213\" alt=\"\" \/><\/figure><div class=\"elementor-image-box-content\"><h3 class=\"elementor-image-box-title\">Casa con \u00e1ngel<\/h3><\/div><\/div>\t\t<\/div>\n\t\t\t\t<\/div>\n\t\t\t\t\t<\/div>\n\t\t<\/div>\n\t\t\t\t<div class=\"elementor-column elementor-col-50 elementor-inner-column elementor-element elementor-element-040522b\" data-id=\"040522b\" data-element_type=\"column\">\n\t\t\t<div class=\"elementor-widget-wrap elementor-element-populated\">\n\t\t\t\t\t\t\t\t<div class=\"elementor-element elementor-element-c32b96c elementor-position-top elementor-widget elementor-widget-image-box\" data-id=\"c32b96c\" data-element_type=\"widget\" data-widget_type=\"image-box.default\">\n\t\t\t\t<div class=\"elementor-widget-container\">\n\t\t\t<div class=\"elementor-image-box-wrapper\"><figure class=\"elementor-image-box-img\"><img decoding=\"async\" loading=\"lazy\" width=\"300\" height=\"244\" src=\"https:\/\/santeriaindiecito.com.ar\/wp-content\/uploads\/2021\/10\/Campanita-NAVIDENIA-300x244.jpg\" class=\"elementor-animation-grow attachment-medium size-medium wp-image-2214\" alt=\"\" srcset=\"https:\/\/santeriaindiecito.com.ar\/wp-content\/uploads\/2021\/10\/Campanita-NAVIDENIA-300x244.jpg 300w, https:\/\/santeriaindiecito.com.ar\/wp-content\/uploads\/2021\/10\/Campanita-NAVIDENIA-1024x831.jpg 1024w, https:\/\/santeriaindiecito.com.ar\/wp-content\/uploads\/2021\/10\/Campanita-NAVIDENIA-768x623.jpg 768w, https:\/\/santeriaindiecito.com.ar\/wp-content\/uploads\/2021\/10\/Campanita-NAVIDENIA.jpg 1334w\" sizes=\"(max-width: 300px) 100vw, 300px\" \/><\/figure><div class=\"elementor-image-box-content\"><h3 class=\"elementor-image-box-title\">Campanita<\/h3><\/div><\/div>\t\t<\/div>\n\t\t\t\t<\/div>\n\t\t\t\t\t<\/div>\n\t\t<\/div>\n\t\t\t\t\t\t\t<\/div>\n\t\t<\/section>\n\t\t\t\t<section class=\"elementor-section elementor-inner-section elementor-element elementor-element-9408bf4 elementor-section-content-middle elementor-section-boxed elementor-section-height-default elementor-section-height-default\" data-id=\"9408bf4\" data-element_type=\"section\">\n\t\t\t\t\t\t<div class=\"elementor-container elementor-column-gap-no\">\n\t\t\t\t\t<div class=\"elementor-column elementor-col-50 elementor-inner-column elementor-element elementor-element-c7b98e2\" data-id=\"c7b98e2\" data-element_type=\"column\">\n\t\t\t<div class=\"elementor-widget-wrap elementor-element-populated\">\n\t\t\t\t\t\t\t\t<div class=\"elementor-element elementor-element-3c0064d elementor-position-top elementor-widget elementor-widget-image-box\" data-id=\"3c0064d\" data-element_type=\"widget\" data-widget_type=\"image-box.default\">\n\t\t\t\t<div class=\"elementor-widget-container\">\n\t\t\t<div class=\"elementor-image-box-wrapper\"><figure class=\"elementor-image-box-img\"><img decoding=\"async\" loading=\"lazy\" width=\"124\" height=\"300\" src=\"https:\/\/santeriaindiecito.com.ar\/wp-content\/uploads\/2021\/11\/fuente-con-flama-124x300.png\" class=\"elementor-animation-grow attachment-medium size-medium wp-image-2235\" alt=\"\" srcset=\"https:\/\/santeriaindiecito.com.ar\/wp-content\/uploads\/2021\/11\/fuente-con-flama-124x300.png 124w, https:\/\/santeriaindiecito.com.ar\/wp-content\/uploads\/2021\/11\/fuente-con-flama.png 322w\" sizes=\"(max-width: 124px) 100vw, 124px\" \/><\/figure><div class=\"elementor-image-box-content\"><h3 class=\"elementor-image-box-title\">Fuente con flama<\/h3><\/div><\/div>\t\t<\/div>\n\t\t\t\t<\/div>\n\t\t\t\t\t<\/div>\n\t\t<\/div>\n\t\t\t\t<div class=\"elementor-column elementor-col-50 elementor-inner-column elementor-element elementor-element-6ac97b2\" data-id=\"6ac97b2\" data-element_type=\"column\">\n\t\t\t<div class=\"elementor-widget-wrap elementor-element-populated\">\n\t\t\t\t\t\t\t\t<div class=\"elementor-element elementor-element-f929eb5 elementor-position-top elementor-widget elementor-widget-image-box\" data-id=\"f929eb5\" data-element_type=\"widget\" data-widget_type=\"image-box.default\">\n\t\t\t\t<div class=\"elementor-widget-container\">\n\t\t\t<div class=\"elementor-image-box-wrapper\"><figure class=\"elementor-image-box-img\"><img decoding=\"async\" loading=\"lazy\" width=\"122\" height=\"300\" src=\"https:\/\/santeriaindiecito.com.ar\/wp-content\/uploads\/2021\/11\/LLAVE-DE-LA-ABUNDNACIA-122x300.png\" class=\"elementor-animation-grow attachment-medium size-medium wp-image-2236\" alt=\"\" srcset=\"https:\/\/santeriaindiecito.com.ar\/wp-content\/uploads\/2021\/11\/LLAVE-DE-LA-ABUNDNACIA-122x300.png 122w, https:\/\/santeriaindiecito.com.ar\/wp-content\/uploads\/2021\/11\/LLAVE-DE-LA-ABUNDNACIA.png 319w\" sizes=\"(max-width: 122px) 100vw, 122px\" \/><\/figure><div class=\"elementor-image-box-content\"><h3 class=\"elementor-image-box-title\">Llave de la Abundancia<\/h3><\/div><\/div>\t\t<\/div>\n\t\t\t\t<\/div>\n\t\t\t\t\t<\/div>\n\t\t<\/div>\n\t\t\t\t\t\t\t<\/div>\n\t\t<\/section>\n\t\t\t\t<section class=\"elementor-section elementor-inner-section elementor-element elementor-element-b6f5ca2 elementor-section-content-middle elementor-section-boxed elementor-section-height-default elementor-section-height-default\" data-id=\"b6f5ca2\" data-element_type=\"section\">\n\t\t\t\t\t\t<div class=\"elementor-container elementor-column-gap-no\">\n\t\t\t\t\t<div class=\"elementor-column elementor-col-50 elementor-inner-column elementor-element elementor-element-9eb189c\" data-id=\"9eb189c\" data-element_type=\"column\">\n\t\t\t<div class=\"elementor-widget-wrap elementor-element-populated\">\n\t\t\t\t\t\t\t\t<div class=\"elementor-element elementor-element-e880258 elementor-position-top elementor-widget elementor-widget-image-box\" data-id=\"e880258\" data-element_type=\"widget\" data-widget_type=\"image-box.default\">\n\t\t\t\t<div class=\"elementor-widget-container\">\n\t\t\t<div class=\"elementor-image-box-wrapper\"><figure class=\"elementor-image-box-img\"><img decoding=\"async\" loading=\"lazy\" width=\"110\" height=\"300\" src=\"https:\/\/santeriaindiecito.com.ar\/wp-content\/uploads\/2021\/11\/PINITO-CON-ANGEL-110x300.png\" class=\"elementor-animation-grow attachment-medium size-medium wp-image-2237\" alt=\"\" srcset=\"https:\/\/santeriaindiecito.com.ar\/wp-content\/uploads\/2021\/11\/PINITO-CON-ANGEL-110x300.png 110w, https:\/\/santeriaindiecito.com.ar\/wp-content\/uploads\/2021\/11\/PINITO-CON-ANGEL.png 302w\" sizes=\"(max-width: 110px) 100vw, 110px\" \/><\/figure><div class=\"elementor-image-box-content\"><h3 class=\"elementor-image-box-title\">Pinito con \u00e1ngel<\/h3><\/div><\/div>\t\t<\/div>\n\t\t\t\t<\/div>\n\t\t\t\t\t<\/div>\n\t\t<\/div>\n\t\t\t\t<div class=\"elementor-column elementor-col-50 elementor-inner-column elementor-element elementor-element-e52c992\" data-id=\"e52c992\" data-element_type=\"column\">\n\t\t\t<div class=\"elementor-widget-wrap elementor-element-populated\">\n\t\t\t\t\t\t\t\t<div class=\"elementor-element elementor-element-b87d476 elementor-position-top elementor-widget elementor-widget-image-box\" data-id=\"b87d476\" data-element_type=\"widget\" data-widget_type=\"image-box.default\">\n\t\t\t\t<div class=\"elementor-widget-container\">\n\t\t\t<div class=\"elementor-image-box-wrapper\"><figure class=\"elementor-image-box-img\"><img decoding=\"async\" loading=\"lazy\" width=\"108\" height=\"300\" src=\"https:\/\/santeriaindiecito.com.ar\/wp-content\/uploads\/2021\/11\/cetro_de_san_silvestre-removebg-preview-108x300.png\" class=\"elementor-animation-grow attachment-medium size-medium wp-image-2241\" alt=\"\" srcset=\"https:\/\/santeriaindiecito.com.ar\/wp-content\/uploads\/2021\/11\/cetro_de_san_silvestre-removebg-preview-108x300.png 108w, https:\/\/santeriaindiecito.com.ar\/wp-content\/uploads\/2021\/11\/cetro_de_san_silvestre-removebg-preview.png 299w\" sizes=\"(max-width: 108px) 100vw, 108px\" \/><\/figure><div class=\"elementor-image-box-content\"><h3 class=\"elementor-image-box-title\">Cetro de San Silvestre<\/h3><\/div><\/div>\t\t<\/div>\n\t\t\t\t<\/div>\n\t\t\t\t\t<\/div>\n\t\t<\/div>\n\t\t\t\t\t\t\t<\/div>\n\t\t<\/section>\n\t\t\t\t<section class=\"elementor-section elementor-inner-section elementor-element elementor-element-4a1a633 elementor-section-content-middle elementor-section-boxed elementor-section-height-default elementor-section-height-default\" data-id=\"4a1a633\" data-element_type=\"section\">\n\t\t\t\t\t\t<div class=\"elementor-container elementor-column-gap-no\">\n\t\t\t\t\t<div class=\"elementor-column elementor-col-50 elementor-inner-column elementor-element elementor-element-cdef187\" data-id=\"cdef187\" data-element_type=\"column\">\n\t\t\t<div class=\"elementor-widget-wrap elementor-element-populated\">\n\t\t\t\t\t\t\t\t<div class=\"elementor-element elementor-element-8ed4781 elementor-position-top elementor-widget elementor-widget-image-box\" data-id=\"8ed4781\" data-element_type=\"widget\" data-widget_type=\"image-box.default\">\n\t\t\t\t<div class=\"elementor-widget-container\">\n\t\t\t<div class=\"elementor-image-box-wrapper\"><figure class=\"elementor-image-box-img\"><img decoding=\"async\" loading=\"lazy\" width=\"295\" height=\"300\" src=\"https:\/\/santeriaindiecito.com.ar\/wp-content\/uploads\/2021\/11\/fuente-de-los-deseos-295x300.png\" class=\"elementor-animation-grow attachment-medium size-medium wp-image-2243\" alt=\"\" srcset=\"https:\/\/santeriaindiecito.com.ar\/wp-content\/uploads\/2021\/11\/fuente-de-los-deseos-295x300.png 295w, https:\/\/santeriaindiecito.com.ar\/wp-content\/uploads\/2021\/11\/fuente-de-los-deseos.png 495w\" sizes=\"(max-width: 295px) 100vw, 295px\" \/><\/figure><div class=\"elementor-image-box-content\"><h3 class=\"elementor-image-box-title\">Fuente de los deseos<\/h3><\/div><\/div>\t\t<\/div>\n\t\t\t\t<\/div>\n\t\t\t\t\t<\/div>\n\t\t<\/div>\n\t\t\t\t<div class=\"elementor-column elementor-col-50 elementor-inner-column elementor-element elementor-element-95e069a\" data-id=\"95e069a\" data-element_type=\"column\">\n\t\t\t<div class=\"elementor-widget-wrap elementor-element-populated\">\n\t\t\t\t\t\t\t\t<div class=\"elementor-element elementor-element-e026f9f elementor-position-top elementor-widget elementor-widget-image-box\" data-id=\"e026f9f\" data-element_type=\"widget\" data-widget_type=\"image-box.default\">\n\t\t\t\t<div class=\"elementor-widget-container\">\n\t\t\t<div class=\"elementor-image-box-wrapper\"><figure class=\"elementor-image-box-img\"><a href=\"http:\/\/santeriaindiecito.com.ar\/wp-content\/uploads\/2022\/06\/vela-soja-race.jpg\" tabindex=\"-1\"><img decoding=\"async\" loading=\"lazy\" width=\"300\" height=\"286\" src=\"https:\/\/santeriaindiecito.com.ar\/wp-content\/uploads\/2022\/06\/vela-soja-race-300x286.jpg\" class=\"elementor-animation-grow attachment-medium size-medium wp-image-2531\" alt=\"\" srcset=\"https:\/\/santeriaindiecito.com.ar\/wp-content\/uploads\/2022\/06\/vela-soja-race-300x286.jpg 300w, https:\/\/santeriaindiecito.com.ar\/wp-content\/uploads\/2022\/06\/vela-soja-race.jpg 453w\" sizes=\"(max-width: 300px) 100vw, 300px\" \/><\/a><\/figure><div class=\"elementor-image-box-content\"><h3 class=\"elementor-image-box-title\"><a href=\"http:\/\/santeriaindiecito.com.ar\/wp-content\/uploads\/2022\/06\/vela-soja-race.jpg\">Vela de soja<\/a><\/h3><\/div><\/div>\t\t<\/div>\n\t\t\t\t<\/div>\n\t\t\t\t\t<\/div>\n\t\t<\/div>\n\t\t\t\t\t\t\t<\/div>\n\t\t<\/section>\n\t\t\t\t\t<\/div>\n\t\t<\/div>\n\t\t\t\t\t\t\t<\/div>\n\t\t<\/section>\n\t\t\t\t\t\t\t<\/div>\n\t\t","protected":false},"excerpt":{"rendered":"<p>Estrella de Bel\u00e9n Pinitos Casa con \u00e1ngel Campanita Fuente con flama Llave de la Abundancia Pinito con \u00e1ngel Cetro de San Silvestre Fuente de los deseos Vela de soja<\/p>\n","protected":false},"author":1,"featured_media":0,"parent":0,"menu_order":0,"comment_status":"closed","ping_status":"closed","template":"","meta":{"neve_meta_sidebar":"","neve_meta_container":"","neve_meta_enable_content_width":"","neve_meta_content_width":0,"neve_meta_title_alignment":"","neve_meta_author_avatar":"","neve_post_elements_order":"","neve_meta_disable_header":"","neve_meta_disable_footer":"","neve_meta_disable_title":"","footnotes":"","_joinchat":[]},"_links":{"self":[{"href":"https:\/\/santeriaindiecito.com.ar\/index.php\/wp-json\/wp\/v2\/pages\/176"}],"collection":[{"href":"https:\/\/santeriaindiecito.com.ar\/index.php\/wp-json\/wp\/v2\/pages"}],"about":[{"href":"https:\/\/santeriaindiecito.com.ar\/index.php\/wp-json\/wp\/v2\/types\/page"}],"author":[{"embeddable":true,"href":"https:\/\/santeriaindiecito.com.ar\/index.php\/wp-json\/wp\/v2\/users\/1"}],"replies":[{"embeddable":true,"href":"https:\/\/santeriaindiecito.com.ar\/index.php\/wp-json\/wp\/v2\/comments?post=176"}],"version-history":[{"count":19,"href":"https:\/\/santeriaindiecito.com.ar\/index.php\/wp-json\/wp\/v2\/pages\/176\/revisions"}],"predecessor-version":[{"id":2537,"href":"https:\/\/santeriaindiecito.com.ar\/index.php\/wp-json\/wp\/v2\/pages\/176\/revisions\/2537"}],"wp:attachment":[{"href":"https:\/\/santeriaindiecito.com.ar\/index.php\/wp-json\/wp\/v2\/media?parent=176"}],"curies":[{"name":"wp","href":"https:\/\/api.w.org\/{rel}","templated":true}]}}