{"id":171,"date":"2019-12-31T00:52:17","date_gmt":"2019-12-31T03:52:17","guid":{"rendered":"http:\/\/prueba.santeriaindiecito.com.ar\/?page_id=171"},"modified":"2022-02-21T14:58:10","modified_gmt":"2022-02-21T17:58:10","slug":"velas-de-noche","status":"publish","type":"page","link":"https:\/\/santeriaindiecito.com.ar\/index.php\/velas-de-noche\/","title":{"rendered":"Velas de noche"},"content":{"rendered":"\t\t<div data-elementor-type=\"wp-page\" data-elementor-id=\"171\" class=\"elementor elementor-171\">\n\t\t\t\t\t\t\t\t\t<section class=\"elementor-section elementor-top-section elementor-element elementor-element-3d76f619 elementor-section-content-middle elementor-section-height-min-height elementor-section-boxed elementor-section-height-default elementor-section-items-middle\" data-id=\"3d76f619\" data-element_type=\"section\">\n\t\t\t\t\t\t<div class=\"elementor-container elementor-column-gap-no\">\n\t\t\t\t\t<div class=\"elementor-column elementor-col-100 elementor-top-column elementor-element elementor-element-3fafa626\" data-id=\"3fafa626\" data-element_type=\"column\">\n\t\t\t<div class=\"elementor-widget-wrap elementor-element-populated\">\n\t\t\t\t\t\t\t\t<section class=\"elementor-section elementor-inner-section elementor-element elementor-element-6c937fd3 elementor-section-content-middle elementor-section-boxed elementor-section-height-default elementor-section-height-default\" data-id=\"6c937fd3\" data-element_type=\"section\">\n\t\t\t\t\t\t<div class=\"elementor-container elementor-column-gap-no\">\n\t\t\t\t\t<div class=\"elementor-column elementor-col-50 elementor-inner-column elementor-element elementor-element-75614d8f\" data-id=\"75614d8f\" data-element_type=\"column\">\n\t\t\t<div class=\"elementor-widget-wrap elementor-element-populated\">\n\t\t\t\t\t\t\t\t<div class=\"elementor-element elementor-element-45fa6a2 elementor-position-top elementor-widget elementor-widget-image-box\" data-id=\"45fa6a2\" data-element_type=\"widget\" data-widget_type=\"image-box.default\">\n\t\t\t\t<div class=\"elementor-widget-container\">\n\t\t\t<div class=\"elementor-image-box-wrapper\"><figure class=\"elementor-image-box-img\"><a href=\"http:\/\/prueba.santeriaindiecito.com.ar\/wp-content\/uploads\/2020\/01\/ala-1.jpg\" tabindex=\"-1\"><img decoding=\"async\" loading=\"lazy\" width=\"1464\" height=\"1812\" src=\"https:\/\/santeriaindiecito.com.ar\/wp-content\/uploads\/2020\/03\/veloncito-1-dia.jpg\" class=\"elementor-animation-grow attachment-full size-full wp-image-842\" alt=\"\" srcset=\"https:\/\/santeriaindiecito.com.ar\/wp-content\/uploads\/2020\/03\/veloncito-1-dia.jpg 1464w, https:\/\/santeriaindiecito.com.ar\/wp-content\/uploads\/2020\/03\/veloncito-1-dia-242x300.jpg 242w, https:\/\/santeriaindiecito.com.ar\/wp-content\/uploads\/2020\/03\/veloncito-1-dia-827x1024.jpg 827w, https:\/\/santeriaindiecito.com.ar\/wp-content\/uploads\/2020\/03\/veloncito-1-dia-768x951.jpg 768w, https:\/\/santeriaindiecito.com.ar\/wp-content\/uploads\/2020\/03\/veloncito-1-dia-1241x1536.jpg 1241w\" sizes=\"(max-width: 1464px) 100vw, 1464px\" \/><\/a><\/figure><div class=\"elementor-image-box-content\"><h3 class=\"elementor-image-box-title\"><a href=\"http:\/\/prueba.santeriaindiecito.com.ar\/wp-content\/uploads\/2020\/01\/ala-1.jpg\">Veloncito 1 d\u00eda<\/a><\/h3><p class=\"elementor-image-box-description\">Blanco, amarillo, rojo, verde, azul, violeta, celeste, rosa, naranja.<\/p><\/div><\/div>\t\t<\/div>\n\t\t\t\t<\/div>\n\t\t\t\t\t<\/div>\n\t\t<\/div>\n\t\t\t\t<div class=\"elementor-column elementor-col-50 elementor-inner-column elementor-element elementor-element-466e842e\" data-id=\"466e842e\" data-element_type=\"column\">\n\t\t\t<div class=\"elementor-widget-wrap elementor-element-populated\">\n\t\t\t\t\t\t\t\t<div class=\"elementor-element elementor-element-2d2a98f4 elementor-position-top elementor-widget elementor-widget-image-box\" data-id=\"2d2a98f4\" data-element_type=\"widget\" data-widget_type=\"image-box.default\">\n\t\t\t\t<div class=\"elementor-widget-container\">\n\t\t\t<div class=\"elementor-image-box-wrapper\"><figure class=\"elementor-image-box-img\"><img decoding=\"async\" loading=\"lazy\" width=\"1914\" height=\"1572\" src=\"https:\/\/santeriaindiecito.com.ar\/wp-content\/uploads\/2020\/03\/velas-de-noche-aromatizadas-x-12.jpg\" class=\"elementor-animation-grow attachment-full size-full wp-image-843\" alt=\"\" srcset=\"https:\/\/santeriaindiecito.com.ar\/wp-content\/uploads\/2020\/03\/velas-de-noche-aromatizadas-x-12.jpg 1914w, https:\/\/santeriaindiecito.com.ar\/wp-content\/uploads\/2020\/03\/velas-de-noche-aromatizadas-x-12-300x246.jpg 300w, https:\/\/santeriaindiecito.com.ar\/wp-content\/uploads\/2020\/03\/velas-de-noche-aromatizadas-x-12-1024x841.jpg 1024w, https:\/\/santeriaindiecito.com.ar\/wp-content\/uploads\/2020\/03\/velas-de-noche-aromatizadas-x-12-768x631.jpg 768w, https:\/\/santeriaindiecito.com.ar\/wp-content\/uploads\/2020\/03\/velas-de-noche-aromatizadas-x-12-1536x1262.jpg 1536w\" sizes=\"(max-width: 1914px) 100vw, 1914px\" \/><\/figure><div class=\"elementor-image-box-content\"><h3 class=\"elementor-image-box-title\">Aromatizadas x 12 u.<\/h3><p class=\"elementor-image-box-description\">Citronela, durazno, flores silvestres, frambuesa, fresia, frutilla, incienso, jazm\u00edn, lavanda, lim\u00f3n, medio oriente, manzana, mil flores, mirra, naranja, nardo, reina, rosa, s\u00e1ndalo, vainilla, violeta.<\/p><\/div><\/div>\t\t<\/div>\n\t\t\t\t<\/div>\n\t\t\t\t\t<\/div>\n\t\t<\/div>\n\t\t\t\t\t\t\t<\/div>\n\t\t<\/section>\n\t\t\t\t<section class=\"elementor-section elementor-inner-section elementor-element elementor-element-779b95b elementor-section-content-middle elementor-section-boxed elementor-section-height-default elementor-section-height-default\" data-id=\"779b95b\" data-element_type=\"section\">\n\t\t\t\t\t\t<div class=\"elementor-container elementor-column-gap-no\">\n\t\t\t\t\t<div class=\"elementor-column elementor-col-50 elementor-inner-column elementor-element elementor-element-68d4d2a\" data-id=\"68d4d2a\" data-element_type=\"column\">\n\t\t\t<div class=\"elementor-widget-wrap elementor-element-populated\">\n\t\t\t\t\t\t\t\t<div class=\"elementor-element elementor-element-e6cdedf elementor-position-top elementor-widget elementor-widget-image-box\" data-id=\"e6cdedf\" data-element_type=\"widget\" data-widget_type=\"image-box.default\">\n\t\t\t\t<div class=\"elementor-widget-container\">\n\t\t\t<div class=\"elementor-image-box-wrapper\"><figure class=\"elementor-image-box-img\"><a href=\"http:\/\/prueba.santeriaindiecito.com.ar\/wp-content\/uploads\/2020\/01\/ala-1.jpg\" tabindex=\"-1\"><img decoding=\"async\" loading=\"lazy\" width=\"187\" height=\"165\" src=\"https:\/\/santeriaindiecito.com.ar\/wp-content\/uploads\/2022\/02\/veloncitos-santorales-1-dia-web.jpg\" class=\"elementor-animation-grow attachment-full size-full wp-image-2352\" alt=\"\" \/><\/a><\/figure><div class=\"elementor-image-box-content\"><h3 class=\"elementor-image-box-title\"><a href=\"http:\/\/prueba.santeriaindiecito.com.ar\/wp-content\/uploads\/2020\/01\/ala-1.jpg\">Veloncito santorales 1 d\u00eda<\/a><\/h3><p class=\"elementor-image-box-description\">Gauchito, Jorge, Benito, Expedito, Desata, Cayetano.<\/p><\/div><\/div>\t\t<\/div>\n\t\t\t\t<\/div>\n\t\t\t\t\t<\/div>\n\t\t<\/div>\n\t\t\t\t<div class=\"elementor-column elementor-col-50 elementor-inner-column elementor-element elementor-element-b93b8e6\" data-id=\"b93b8e6\" data-element_type=\"column\">\n\t\t\t<div class=\"elementor-widget-wrap elementor-element-populated\">\n\t\t\t\t\t\t\t\t<div class=\"elementor-element elementor-element-a54a259 elementor-position-top elementor-widget elementor-widget-image-box\" data-id=\"a54a259\" data-element_type=\"widget\" data-widget_type=\"image-box.default\">\n\t\t\t\t<div class=\"elementor-widget-container\">\n\t\t\t<div class=\"elementor-image-box-wrapper\"><figure class=\"elementor-image-box-img\"><a href=\"http:\/\/prueba.santeriaindiecito.com.ar\/wp-content\/uploads\/2020\/01\/ala-1.jpg\" tabindex=\"-1\"><img decoding=\"async\" loading=\"lazy\" width=\"429\" height=\"425\" src=\"https:\/\/santeriaindiecito.com.ar\/wp-content\/uploads\/2022\/02\/velas-de-noche-iluminarte-Santa-Cruz.jpg\" class=\"elementor-animation-grow attachment-full size-full wp-image-2350\" alt=\"\" srcset=\"https:\/\/santeriaindiecito.com.ar\/wp-content\/uploads\/2022\/02\/velas-de-noche-iluminarte-Santa-Cruz.jpg 429w, https:\/\/santeriaindiecito.com.ar\/wp-content\/uploads\/2022\/02\/velas-de-noche-iluminarte-Santa-Cruz-300x297.jpg 300w, https:\/\/santeriaindiecito.com.ar\/wp-content\/uploads\/2022\/02\/velas-de-noche-iluminarte-Santa-Cruz-150x150.jpg 150w\" sizes=\"(max-width: 429px) 100vw, 429px\" \/><\/a><\/figure><div class=\"elementor-image-box-content\"><h3 class=\"elementor-image-box-title\"><a href=\"http:\/\/prueba.santeriaindiecito.com.ar\/wp-content\/uploads\/2020\/01\/ala-1.jpg\">De noche x 12 u.<\/a><\/h3><p class=\"elementor-image-box-description\">Blanco, amarillo, rojo, verde, azul, violeta, celeste, rosa, naranja.<\/p><\/div><\/div>\t\t<\/div>\n\t\t\t\t<\/div>\n\t\t\t\t\t<\/div>\n\t\t<\/div>\n\t\t\t\t\t\t\t<\/div>\n\t\t<\/section>\n\t\t\t\t<section class=\"elementor-section elementor-inner-section elementor-element elementor-element-e4669df elementor-section-content-middle elementor-section-boxed elementor-section-height-default elementor-section-height-default\" data-id=\"e4669df\" data-element_type=\"section\">\n\t\t\t\t\t\t<div class=\"elementor-container elementor-column-gap-no\">\n\t\t\t\t\t<div class=\"elementor-column elementor-col-50 elementor-inner-column elementor-element elementor-element-8c328dc\" data-id=\"8c328dc\" data-element_type=\"column\">\n\t\t\t<div class=\"elementor-widget-wrap elementor-element-populated\">\n\t\t\t\t\t\t\t\t<div class=\"elementor-element elementor-element-6ae5296 elementor-position-top elementor-widget elementor-widget-image-box\" data-id=\"6ae5296\" data-element_type=\"widget\" data-widget_type=\"image-box.default\">\n\t\t\t\t<div class=\"elementor-widget-container\">\n\t\t\t<div class=\"elementor-image-box-wrapper\"><figure class=\"elementor-image-box-img\"><img decoding=\"async\" loading=\"lazy\" width=\"500\" height=\"462\" src=\"https:\/\/santeriaindiecito.com.ar\/wp-content\/uploads\/2020\/07\/velas-de-noche-x-50-u.jpg\" class=\"elementor-animation-grow attachment-full size-full wp-image-1190\" alt=\"Velas de noche por 50\" srcset=\"https:\/\/santeriaindiecito.com.ar\/wp-content\/uploads\/2020\/07\/velas-de-noche-x-50-u.jpg 500w, https:\/\/santeriaindiecito.com.ar\/wp-content\/uploads\/2020\/07\/velas-de-noche-x-50-u-300x277.jpg 300w\" sizes=\"(max-width: 500px) 100vw, 500px\" \/><\/figure><div class=\"elementor-image-box-content\"><h3 class=\"elementor-image-box-title\">Velas de noche x 50 u<\/h3><p class=\"elementor-image-box-description\">Blanco, amarillo, rojo, verde, azul, violeta, celeste, rosa, naranja.<\/p><\/div><\/div>\t\t<\/div>\n\t\t\t\t<\/div>\n\t\t\t\t\t<\/div>\n\t\t<\/div>\n\t\t\t\t<div class=\"elementor-column elementor-col-50 elementor-inner-column elementor-element elementor-element-854cae0\" data-id=\"854cae0\" data-element_type=\"column\">\n\t\t\t<div class=\"elementor-widget-wrap elementor-element-populated\">\n\t\t\t\t\t\t\t\t<div class=\"elementor-element elementor-element-67a1857 elementor-position-top elementor-widget elementor-widget-image-box\" data-id=\"67a1857\" data-element_type=\"widget\" data-widget_type=\"image-box.default\">\n\t\t\t\t<div class=\"elementor-widget-container\">\n\t\t\t<div class=\"elementor-image-box-wrapper\"><figure class=\"elementor-image-box-img\"><a href=\"http:\/\/prueba.santeriaindiecito.com.ar\/wp-content\/uploads\/2020\/01\/ala-1.jpg\" tabindex=\"-1\"><img decoding=\"async\" loading=\"lazy\" width=\"187\" height=\"1126\" src=\"https:\/\/santeriaindiecito.com.ar\/wp-content\/uploads\/2020\/03\/Vela-torneada-x-unidad.jpg\" class=\"elementor-animation-grow attachment-full size-full wp-image-835\" alt=\"\" srcset=\"https:\/\/santeriaindiecito.com.ar\/wp-content\/uploads\/2020\/03\/Vela-torneada-x-unidad.jpg 187w, https:\/\/santeriaindiecito.com.ar\/wp-content\/uploads\/2020\/03\/Vela-torneada-x-unidad-50x300.jpg 50w, https:\/\/santeriaindiecito.com.ar\/wp-content\/uploads\/2020\/03\/Vela-torneada-x-unidad-170x1024.jpg 170w\" sizes=\"(max-width: 187px) 100vw, 187px\" \/><\/a><\/figure><div class=\"elementor-image-box-content\"><h3 class=\"elementor-image-box-title\"><a href=\"http:\/\/prueba.santeriaindiecito.com.ar\/wp-content\/uploads\/2020\/01\/ala-1.jpg\">Torneada x unidad<\/a><\/h3><p class=\"elementor-image-box-description\">Blanco, amarillo, rojo, verde, azul, violeta, celeste,rosa, naranja.<\/p><\/div><\/div>\t\t<\/div>\n\t\t\t\t<\/div>\n\t\t\t\t\t<\/div>\n\t\t<\/div>\n\t\t\t\t\t\t\t<\/div>\n\t\t<\/section>\n\t\t\t\t<section class=\"elementor-section elementor-inner-section elementor-element elementor-element-9769a1f elementor-section-content-middle elementor-section-boxed elementor-section-height-default elementor-section-height-default\" data-id=\"9769a1f\" data-element_type=\"section\">\n\t\t\t\t\t\t<div class=\"elementor-container elementor-column-gap-no\">\n\t\t\t\t\t<div class=\"elementor-column elementor-col-50 elementor-inner-column elementor-element elementor-element-c4734f2\" data-id=\"c4734f2\" data-element_type=\"column\">\n\t\t\t<div class=\"elementor-widget-wrap elementor-element-populated\">\n\t\t\t\t\t\t\t\t<div class=\"elementor-element elementor-element-a7d9bf2 elementor-position-top elementor-widget elementor-widget-image-box\" data-id=\"a7d9bf2\" data-element_type=\"widget\" data-widget_type=\"image-box.default\">\n\t\t\t\t<div class=\"elementor-widget-container\">\n\t\t\t<div class=\"elementor-image-box-wrapper\"><figure class=\"elementor-image-box-img\"><img decoding=\"async\" loading=\"lazy\" width=\"187\" height=\"484\" src=\"https:\/\/santeriaindiecito.com.ar\/wp-content\/uploads\/2020\/03\/VELAS-TORNEADAS-dorada-plateada.jpg\" class=\"elementor-animation-grow attachment-full size-full wp-image-836\" alt=\"\" srcset=\"https:\/\/santeriaindiecito.com.ar\/wp-content\/uploads\/2020\/03\/VELAS-TORNEADAS-dorada-plateada.jpg 187w, https:\/\/santeriaindiecito.com.ar\/wp-content\/uploads\/2020\/03\/VELAS-TORNEADAS-dorada-plateada-116x300.jpg 116w\" sizes=\"(max-width: 187px) 100vw, 187px\" \/><\/figure><div class=\"elementor-image-box-content\"><h3 class=\"elementor-image-box-title\">Velas torneadas doradas\/plateadas x unidad<\/h3><\/div><\/div>\t\t<\/div>\n\t\t\t\t<\/div>\n\t\t\t\t\t<\/div>\n\t\t<\/div>\n\t\t\t\t<div class=\"elementor-column elementor-col-50 elementor-inner-column elementor-element elementor-element-4dcc40e\" data-id=\"4dcc40e\" data-element_type=\"column\">\n\t\t\t<div class=\"elementor-widget-wrap\">\n\t\t\t\t\t\t\t\t\t<\/div>\n\t\t<\/div>\n\t\t\t\t\t\t\t<\/div>\n\t\t<\/section>\n\t\t\t\t<section class=\"elementor-section elementor-inner-section elementor-element elementor-element-5dadcc6 elementor-section-content-middle elementor-section-boxed elementor-section-height-default elementor-section-height-default\" data-id=\"5dadcc6\" data-element_type=\"section\">\n\t\t\t\t\t\t<div class=\"elementor-container elementor-column-gap-no\">\n\t\t\t\t\t<div class=\"elementor-column elementor-col-50 elementor-inner-column elementor-element elementor-element-3420b5b\" data-id=\"3420b5b\" data-element_type=\"column\">\n\t\t\t<div class=\"elementor-widget-wrap\">\n\t\t\t\t\t\t\t\t\t<\/div>\n\t\t<\/div>\n\t\t\t\t<div class=\"elementor-column elementor-col-50 elementor-inner-column elementor-element elementor-element-507c456\" data-id=\"507c456\" data-element_type=\"column\">\n\t\t\t<div class=\"elementor-widget-wrap\">\n\t\t\t\t\t\t\t\t\t<\/div>\n\t\t<\/div>\n\t\t\t\t\t\t\t<\/div>\n\t\t<\/section>\n\t\t\t\t<section class=\"elementor-section elementor-inner-section elementor-element elementor-element-efad188 elementor-section-content-middle elementor-section-boxed elementor-section-height-default elementor-section-height-default\" data-id=\"efad188\" data-element_type=\"section\">\n\t\t\t\t\t\t<div class=\"elementor-container elementor-column-gap-no\">\n\t\t\t\t\t<div class=\"elementor-column elementor-col-100 elementor-inner-column elementor-element elementor-element-643ebc7\" data-id=\"643ebc7\" data-element_type=\"column\">\n\t\t\t<div class=\"elementor-widget-wrap\">\n\t\t\t\t\t\t\t\t\t<\/div>\n\t\t<\/div>\n\t\t\t\t\t\t\t<\/div>\n\t\t<\/section>\n\t\t\t\t\t<\/div>\n\t\t<\/div>\n\t\t\t\t\t\t\t<\/div>\n\t\t<\/section>\n\t\t\t\t\t\t\t<\/div>\n\t\t","protected":false},"excerpt":{"rendered":"<p>Veloncito 1 d\u00eda Blanco, amarillo, rojo, verde, azul, violeta, celeste, rosa, naranja. Aromatizadas x 12 u. Citronela, durazno, flores silvestres, frambuesa, fresia, frutilla, incienso, jazm\u00edn, lavanda, lim\u00f3n, medio oriente, manzana, mil flores, mirra, naranja, nardo, reina, rosa, s\u00e1ndalo, vainilla, violeta. Veloncito santorales 1 d\u00eda Gauchito, Jorge, Benito, Expedito, Desata, Cayetano. De noche x 12 u.&hellip;&nbsp;<a href=\"https:\/\/santeriaindiecito.com.ar\/index.php\/velas-de-noche\/\" class=\"\" rel=\"bookmark\">Leer m\u00e1s &raquo;<span class=\"screen-reader-text\">Velas de noche<\/span><\/a><\/p>\n","protected":false},"author":1,"featured_media":0,"parent":0,"menu_order":0,"comment_status":"closed","ping_status":"closed","template":"page-templates\/template-pagebuilder-full-width.php","meta":{"neve_meta_sidebar":"","neve_meta_container":"","neve_meta_enable_content_width":"","neve_meta_content_width":0,"neve_meta_title_alignment":"","neve_meta_author_avatar":"","neve_post_elements_order":"","neve_meta_disable_header":"","neve_meta_disable_footer":"","neve_meta_disable_title":"","footnotes":"","_joinchat":[]},"_links":{"self":[{"href":"https:\/\/santeriaindiecito.com.ar\/index.php\/wp-json\/wp\/v2\/pages\/171"}],"collection":[{"href":"https:\/\/santeriaindiecito.com.ar\/index.php\/wp-json\/wp\/v2\/pages"}],"about":[{"href":"https:\/\/santeriaindiecito.com.ar\/index.php\/wp-json\/wp\/v2\/types\/page"}],"author":[{"embeddable":true,"href":"https:\/\/santeriaindiecito.com.ar\/index.php\/wp-json\/wp\/v2\/users\/1"}],"replies":[{"embeddable":true,"href":"https:\/\/santeriaindiecito.com.ar\/index.php\/wp-json\/wp\/v2\/comments?post=171"}],"version-history":[{"count":18,"href":"https:\/\/santeriaindiecito.com.ar\/index.php\/wp-json\/wp\/v2\/pages\/171\/revisions"}],"predecessor-version":[{"id":2355,"href":"https:\/\/santeriaindiecito.com.ar\/index.php\/wp-json\/wp\/v2\/pages\/171\/revisions\/2355"}],"wp:attachment":[{"href":"https:\/\/santeriaindiecito.com.ar\/index.php\/wp-json\/wp\/v2\/media?parent=171"}],"curies":[{"name":"wp","href":"https:\/\/api.w.org\/{rel}","templated":true}]}}