{"id":1143,"date":"2020-05-29T14:24:51","date_gmt":"2020-05-29T17:24:51","guid":{"rendered":"http:\/\/prueba.santeriaindiecito.com.ar\/?page_id=1143"},"modified":"2022-06-06T16:25:23","modified_gmt":"2022-06-06T19:25:23","slug":"hierbas","status":"publish","type":"page","link":"https:\/\/santeriaindiecito.com.ar\/index.php\/hierbas\/","title":{"rendered":"Hierbas"},"content":{"rendered":"\t\t<div data-elementor-type=\"wp-page\" data-elementor-id=\"1143\" class=\"elementor elementor-1143\">\n\t\t\t\t\t\t\t\t\t<section class=\"elementor-section elementor-top-section elementor-element elementor-element-9da8a14 elementor-section-boxed elementor-section-height-default elementor-section-height-default\" data-id=\"9da8a14\" data-element_type=\"section\">\n\t\t\t\t\t\t<div class=\"elementor-container elementor-column-gap-default\">\n\t\t\t\t\t<div class=\"elementor-column elementor-col-50 elementor-top-column elementor-element elementor-element-b13e602\" data-id=\"b13e602\" data-element_type=\"column\">\n\t\t\t<div class=\"elementor-widget-wrap elementor-element-populated\">\n\t\t\t\t\t\t\t\t<div class=\"elementor-element elementor-element-e921ba7 elementor-hidden-phone elementor-widget elementor-widget-image\" data-id=\"e921ba7\" data-element_type=\"widget\" data-widget_type=\"image.default\">\n\t\t\t\t<div class=\"elementor-widget-container\">\n\t\t\t\t\t\t\t\t\t\t\t\t\t\t\t<img decoding=\"async\" loading=\"lazy\" width=\"853\" height=\"2560\" src=\"https:\/\/santeriaindiecito.com.ar\/wp-content\/uploads\/2020\/05\/imagen_lateral-hierbas-scaled.jpg\" class=\"attachment-full size-full wp-image-1147\" alt=\"\" srcset=\"https:\/\/santeriaindiecito.com.ar\/wp-content\/uploads\/2020\/05\/imagen_lateral-hierbas-scaled.jpg 853w, https:\/\/santeriaindiecito.com.ar\/wp-content\/uploads\/2020\/05\/imagen_lateral-hierbas-100x300.jpg 100w, https:\/\/santeriaindiecito.com.ar\/wp-content\/uploads\/2020\/05\/imagen_lateral-hierbas-341x1024.jpg 341w, https:\/\/santeriaindiecito.com.ar\/wp-content\/uploads\/2020\/05\/imagen_lateral-hierbas-768x2304.jpg 768w, https:\/\/santeriaindiecito.com.ar\/wp-content\/uploads\/2020\/05\/imagen_lateral-hierbas-512x1536.jpg 512w\" sizes=\"(max-width: 853px) 100vw, 853px\" \/>\t\t\t\t\t\t\t\t\t\t\t\t\t\t\t<\/div>\n\t\t\t\t<\/div>\n\t\t\t\t\t<\/div>\n\t\t<\/div>\n\t\t\t\t<div class=\"elementor-column elementor-col-50 elementor-top-column elementor-element elementor-element-4ed46cc\" data-id=\"4ed46cc\" data-element_type=\"column\" data-settings=\"{&quot;background_background&quot;:&quot;classic&quot;}\">\n\t\t\t<div class=\"elementor-widget-wrap elementor-element-populated\">\n\t\t\t\t\t\t\t\t<div class=\"elementor-element elementor-element-637a94c elementor-widget elementor-widget-heading\" data-id=\"637a94c\" data-element_type=\"widget\" data-widget_type=\"heading.default\">\n\t\t\t\t<div class=\"elementor-widget-container\">\n\t\t\t<h1 class=\"elementor-heading-title elementor-size-default\">HIERBAS<\/h1>\t\t<\/div>\n\t\t\t\t<\/div>\n\t\t\t\t<div class=\"elementor-element elementor-element-72d4907 elementor-widget elementor-widget-heading\" data-id=\"72d4907\" data-element_type=\"widget\" data-widget_type=\"heading.default\">\n\t\t\t\t<div class=\"elementor-widget-container\">\n\t\t\t<h3 class=\"elementor-heading-title elementor-size-default\">(fraccionadas kilo, medio kilo, 1\/4 kilo, 100 grs, 50 grs. y 25 grs.)<\/h3>\t\t<\/div>\n\t\t\t\t<\/div>\n\t\t\t\t<section class=\"elementor-section elementor-inner-section elementor-element elementor-element-0514533 elementor-section-height-min-height elementor-section-boxed elementor-section-height-default\" data-id=\"0514533\" data-element_type=\"section\">\n\t\t\t\t\t\t<div class=\"elementor-container elementor-column-gap-default\">\n\t\t\t\t\t<div class=\"elementor-column elementor-col-100 elementor-inner-column elementor-element elementor-element-3503d86\" data-id=\"3503d86\" data-element_type=\"column\">\n\t\t\t<div class=\"elementor-widget-wrap elementor-element-populated\">\n\t\t\t\t\t\t\t\t<div class=\"elementor-element elementor-element-a5552f2 elementor-widget elementor-widget-text-editor\" data-id=\"a5552f2\" data-element_type=\"widget\" data-widget_type=\"text-editor.default\">\n\t\t\t\t<div class=\"elementor-widget-container\">\n\t\t\t\t\t\t\t<div style=\"overflow-x: auto;\">\n<table border=\"0\" cellspacing=\"0\" cellpadding=\"0\">\n<tbody>\n<tr align=\"LEFT\" valign=\"TOP\">\n<td width=\"120\">\n<div class=\"Estilo8\"><strong><span id=\"PAS10z\">Abedul<\/span><\/strong><\/div>\n<div class=\"Estilo8\"><strong><span id=\"PAS11z\">Acoro (C\u00e1lamo)<\/span><\/strong><\/div>\n<div class=\"Estilo8\"><strong><span id=\"PAS12z\">Aguaribay (Gualeguay\/Aberiguay)<\/span><\/strong><\/div>\n<div class=\"Estilo8\"><strong><span id=\"PAS13z\">Ajenjo<\/span><\/strong><\/div>\n<div class=\"Estilo8\"><strong><span id=\"PAS14z\">Albahaca<\/span><\/strong><\/div>\n<div class=\"Estilo8\"><strong><span id=\"PAS15z\">Alcachofa<\/span><\/strong><\/div>\n<div class=\"Estilo8\"><strong><span id=\"PAS16z\">Alfalfa<\/span><\/strong><\/div>\n<div class=\"Estilo8\"><strong><span id=\"PAS17z\">Alfilerillo<\/span><\/strong><\/div>\n<div class=\"Estilo8\"><strong><span id=\"PAS18z\">Alhucema Flor (Lavanda\/Alfasema)<\/span><\/strong><\/div>\n<div class=\"Estilo8\"><strong><span id=\"PAS19z\">Aloe del cabo<\/span><\/strong><\/div>\n<div class=\"Estilo8\"><strong><span id=\"PAS20z\">Altamisa<\/span><\/strong><\/div>\n<div class=\"Estilo8\"><strong><span id=\"PAS21z\">Amarg\u00f3n (Diente de le\u00f3n)<\/span><\/strong><\/div>\n<div class=\"Estilo8\"><strong><span id=\"PAS22z\">Ambay<\/span><\/strong><\/div>\n<div class=\"Estilo8\"><strong><span id=\"PAS23z\">Anacahuita<\/span><\/strong><\/div>\n<div class=\"Estilo8\"><strong><span id=\"PAS24z\">Ang\u00e9lica<\/span><\/strong><\/div>\n<div class=\"Estilo8\"><strong><span id=\"PAS25z\">An\u00eds estrellado<\/span><\/strong><\/div>\n<div class=\"Estilo8\"><strong><span id=\"PAS26z\">An\u00eds verde semilla<\/span><\/strong><\/div>\n<div class=\"Estilo8\"><strong><span id=\"PAS27z\">Apio cimarr\u00f3n<\/span><\/strong><\/div>\n<div class=\"Estilo8\"><strong><span id=\"PAS29z\">Artemisa<\/span><\/strong><\/div>\n<div class=\"Estilo8\"><strong><span id=\"PAS30z\">Atamisqui<\/span><\/strong><\/div><div class=\"Estilo8\"><strong><span>Azahar<\/span><\/strong><\/div>\n<div class=\"Estilo8\"><strong><span id=\"PAS32z\">Baila bien<\/span><\/strong><\/div>\n<div class=\"Estilo8\"><strong><span id=\"PAS33z\">Bardana<\/span><\/strong><\/div>\n<div class=\"Estilo8\"><strong><span id=\"PAS34z\">Boldo<\/span><\/strong><\/div>\n<div class=\"Estilo8\"><strong><span id=\"PAS35z\">Bolsa del pastor<\/span><\/strong><\/div>\n<div class=\"Estilo8\"><strong><span id=\"PAS36z\">Borraja con flor<\/span><\/strong><\/div>\n<div class=\"Estilo8\"><strong><span id=\"PAS37z\">Brusquilla (Brusco)<\/span><\/strong><\/div>\n<div class=\"Estilo8\"><strong><span id=\"PAS38z\">Cabo toril<\/span><\/strong><\/div>\n<div class=\"Estilo8\"><strong><span id=\"PAS39z\">Cachiyuyo<\/span><\/strong><\/div>\n<div class=\"Estilo8\"><strong><span id=\"PAS40z\">Calafate<\/span><\/strong><\/div>\n<div class=\"Estilo8\"><strong><span id=\"PAS41z\">Calaguala<\/span><\/strong><\/div>\n<div class=\"Estilo8\"><strong><span id=\"PAS42z\">Calauch\u00edn<\/span><\/strong><\/div>\n<div class=\"Estilo8\"><strong><span id=\"PAS43z\">Cal\u00e9ndula<\/span><\/strong><\/div>\n<div class=\"Estilo8\"><strong><span id=\"PAS44z\">Ca\u00f1a ra\u00edz<\/span><\/strong><\/div>\n<div class=\"Estilo8\"><strong><span id=\"PAS45z\">Canchalagua (Centaura mayor)<\/span><\/strong><\/div>\n<div class=\"Estilo8\"><strong><span id=\"PAS46z\">Canela rama<\/span><\/strong><\/div>\n<div class=\"Estilo8\"><strong><span id=\"PAS48z\">Cardo Mariano<\/span><\/strong><\/div>\n<div class=\"Estilo8\"><strong><span id=\"PAS49z\">Cardo santo<\/span><\/strong><\/div>\n<div class=\"Estilo8\"><strong><span id=\"PAS50z\">Carqueja<\/span><\/strong><\/div>\n<div class=\"Estilo8\"><strong><span id=\"PAS51z\">C\u00e1scara sagrada corteza<\/span><\/strong><\/div>\n<div class=\"Estilo8\"><strong><span id=\"PAS52z\">Casta\u00f1o de Indias<\/span><\/strong><\/div>\n<div class=\"Estilo8\"><strong><span id=\"PAS53z\">Cedr\u00f3n hoja<\/span><\/strong><\/div>\n<div class=\"Estilo8\"><strong><span id=\"PAS54z\">Ceibo corteza<\/span><\/strong><\/div>\n<div class=\"Estilo8\"><strong><span id=\"PAS55z\">Celidonia hojas<\/span><\/strong><\/div>\n<div class=\"Estilo8\"><strong><span id=\"PAS56z\">Centella asi\u00e1tica<\/span><\/strong><\/div>\n<div class=\"Estilo8\"><strong><span id=\"PAS57z\">Cepa caballo<\/span><\/strong><\/div>\n<div class=\"Estilo8\"><strong><span id=\"PAS58z\">Chachacoma<\/span><\/strong><\/div>\n<div class=\"Estilo8\"><strong><span id=\"PAS59z\">Cha\u00f1ar corteza<\/span><\/strong><\/div>\n<div>\n<div><strong><span class=\"Estilo8\">Cha\u00f1ar flor<\/span><\/strong><\/div>\n<div><strong><span class=\"Estilo8\">Charr\u00faa ra\u00edz<\/span><\/strong><\/div>\n<div><strong><span class=\"Estilo8\">Cola de caballo (Yerba del platero)<\/span><\/strong><\/div>\n<div><strong><span class=\"Estilo8\">Cola de quirquincho<\/span><\/strong><\/div>\n<div><strong><span class=\"Estilo8\">Condurango<\/span><\/strong><\/div>\n<div><strong><span class=\"Estilo8\">Congorosa<\/span><\/strong><\/div>\n<div>\n<div><strong><span class=\"Estilo8\">Consuelda<\/span><\/strong><\/div>\n<div><strong><span class=\"Estilo8\">Contrayerba<\/span><\/strong><\/div>\n<div><strong><span class=\"Estilo8\">Coreandro semilla<\/span><\/strong><\/div>\n<div>\n<div><strong><span class=\"Estilo8\">Cuasia (Palo amargo)<\/span><\/strong><\/div>\n<div><strong><span class=\"Estilo8\">Culandrillo<\/span><\/strong><\/div>\n<div><strong><span class=\"Estilo8\">Damiana hoja<\/span><\/strong><\/div>\n<\/div>\n<div>\n<div>&nbsp;<\/div>\n<\/div>\n<\/div>\n<\/div>\n<div>&nbsp;<\/div>\n<\/td>\n<td width=\"11\">&nbsp;<\/td>\n<td width=\"120\">\n<div>\n<div><strong style=\"font-family: inherit; font-size: inherit;\"><span class=\"Estilo8\">Doradilla<\/span><\/strong><\/div>\n<div>\n<div><strong><span class=\"Estilo8\">Dulcamara<\/span><\/strong><\/div>\n<div><strong><span class=\"Estilo8\">Encina corteza (Roble)<\/span><\/strong><\/div>\n<div><strong><span class=\"Estilo8\">Enebro<br><\/span><\/strong><strong style=\"font-family: inherit; font-size: inherit;\"><span class=\"Estilo8\">Eneldo<\/span><\/strong><\/div>\n<\/div>\n<\/div>\n<div><strong><span class=\"Estilo8\">Enula campana<\/span><\/strong><\/div>\n<div><strong><span class=\"Estilo8\">Espina colorada<\/span><\/strong><\/div>\n<div><strong><span class=\"Estilo8\">Espinillo flor (Brea)<\/span><\/strong><\/div>\n<div><strong><span class=\"Estilo8\">Estigma de ma\u00edz (Barba de choclo)<\/span><\/strong><\/div>\n<div><strong><span class=\"Estilo8\">Eucalipto hoja<\/span><\/strong><\/div>\n<div><strong><span class=\"Estilo8\">Eucalipto mentolado<\/span><\/strong><\/div>\n<div><strong><span class=\"Estilo8\">Eufracia<\/span><\/strong><\/div>\n<div><strong><span class=\"Estilo8\">Fenogreco<\/span><\/strong><\/div>\n<div><strong><span class=\"Estilo8\">Fosfosa<\/span><\/strong><\/div>\n<div><strong><span class=\"Estilo8\">Fr\u00e1ngula corteza<\/span><\/strong><\/div>\n<div><strong><span class=\"Estilo8\">Fresno hoja<\/span><\/strong><\/div>\n<div><strong><span class=\"Estilo8\">Fucus<\/span><\/strong><\/div>\n<div><strong><span class=\"Estilo8\">Fumaria<\/span><\/strong><\/div>\n<div><strong><span class=\"Estilo8\">Gingko biloba<\/span><\/strong><\/div>\n<div><strong><span class=\"Estilo8\">Gramilla<\/span><\/strong><\/div>\n<div><strong><span class=\"Estilo8\">Granada c\u00e1scara<\/span><\/strong><\/div>\n<div><strong><span class=\"Estilo8\">Guayac\u00e1n le\u00f1o (Guayco)<\/span><\/strong><\/div>\n<div><strong><span class=\"Estilo8\">Guaycur\u00fa<\/span><\/strong><\/div>\n<div><strong><span class=\"Estilo8\">Hamamelis hoja<\/span><\/strong><\/div>\n<div><strong><span class=\"Estilo8\">Helecho macho<\/span><\/strong><\/div>\n<div><strong><span class=\"Estilo8\">Heliotropum (Cola de gama)<\/span><\/strong><\/div>\n<div><strong><span class=\"Estilo8\">Higuera hoja<\/span><\/strong><\/div>\n<div><strong><span class=\"Estilo8\">Hinojo semilla<\/span><\/strong><\/div>\n<div>\n<div><strong><span class=\"Estilo8\">Hiperic\u00f3n (Yerba de San Juan)<\/span><\/strong><\/div>\n<div><strong><span class=\"Estilo8\">Hisopo florido<\/span><\/strong><\/div>\n<div><strong><span class=\"Estilo8\">Incayuyo hoja<\/span><\/strong><\/div>\n<div><strong><span class=\"Estilo8\">Jaborand\u00ed<\/span><\/strong><\/div>\n<div><strong><span class=\"Estilo8\">Jaramago<\/span><\/strong><\/div>\n<div>\n<div>\n<div><strong><span class=\"Estilo8\">hoja (Yerba del cantor)<\/span><\/strong><\/div>\n<div><strong><span class=\"Estilo8\">Jarilla<br><\/span><\/strong><strong><span class=\"Estilo8\">Jengibre<\/span><\/strong><\/div>\n<\/div>\n<div><strong><span class=\"Estilo8\">Lapacho<\/span><\/strong><\/div>\n<div>\n<div><strong><span class=\"Estilo8\">Lino semilla<\/span><\/strong><\/div>\n<div><strong><span class=\"Estilo8\">Llant\u00e9n<\/span><\/strong><\/div>\n<div><strong><span class=\"Estilo8\">Lupines<\/span><\/strong><\/div>\n<\/div>\n<\/div>\n<\/div>\n<div>&nbsp;<\/div>\n<\/td>\n<td width=\"11\">&nbsp;<\/td>\n<td width=\"120\">\n<div>&nbsp;<strong><span class=\"Estilo8\">Malva<\/span><\/strong><\/div>\n<div><strong><span class=\"Estilo8\">Malvisco (Malvavisco)<\/span><\/strong><\/div>\n<div><strong><span class=\"Estilo8\">Manzanilla<\/span><\/strong><\/div>\n<div><strong><span class=\"Estilo8\">Marcela<\/span><\/strong><\/div>\n<div><strong><span class=\"Estilo8\">Marrubio (Yerba del sapo)<\/span><\/strong><\/div>\n<div><strong><span class=\"Estilo8\">Matico<\/span><\/strong><\/div>\n<div><strong><span class=\"Estilo8\">Meliloto<\/span><\/strong><\/div>\n<div><strong><span class=\"Estilo8\">Melisa (Toronjil)<\/span><\/strong><\/div>\n<div><strong><span class=\"Estilo8\">Menta picada<\/span><\/strong><\/div>\n<div><strong><span class=\"Estilo8\">Menta piperita hoja<\/span><\/strong><\/div>\n<div><strong><span class=\"Estilo8\">Mil hombres<\/span><\/strong><\/div>\n<div><strong><span class=\"Estilo8\">Milenrama (Aquilea flor)<\/span><\/strong><\/div>\n<div><strong><span class=\"Estilo8\">Mostaza grano<\/span><\/strong><\/div>\n<div><strong><span class=\"Estilo8\">Mu\u00e9rdago (Liga)<\/span><\/strong><\/div>\n<div><strong><span class=\"Estilo8\">Mu\u00f1a mu\u00f1a<\/span><\/strong><\/div>\n<div><strong><span class=\"Estilo8\">Naranjo c\u00e1scara<\/span><\/strong><\/div>\n<div><strong><span class=\"Estilo8\">Naranjo hoja<\/span><\/strong><\/div>\n<div><strong><span class=\"Estilo8\">Nencia andina<\/span><\/strong><\/div>\n<div><strong><span class=\"Estilo8\">Nogal<\/span><\/strong><\/div>\n<div><strong><span class=\"Estilo8\">Olivo<\/span><\/strong><\/div>\n<div><strong><span class=\"Estilo8\">Or\u00e9gano (Mejorana)<\/span><\/strong><\/div>\n<div><strong><span class=\"Estilo8\">Ortiga<\/span><\/strong><\/div>\n<div><strong><span class=\"Estilo8\">Paico<\/span><\/strong><\/div>\n<div><strong><span class=\"Estilo8\">P\u00e1jaro bobo<\/span><\/strong><\/div>\n<div><strong><span class=\"Estilo8\">Palam palam<\/span><\/strong><\/div>\n<div><strong><span class=\"Estilo8\">Palo amarillo<\/span><\/strong><\/div>\n<div><strong><span class=\"Estilo8\">Palo amarillo le\u00f1o<\/span><\/strong><\/div>\n<div><strong><span class=\"Estilo8\">Palo azul<\/span><\/strong><\/div>\n<div><strong><span class=\"Estilo8\">Palo pichi<\/span><\/strong><\/div>\n<div><strong><span class=\"Estilo8\">Palo santo<\/span><\/strong><\/div>\n<div><strong><span class=\"Estilo8\">Parietaria<\/span><\/strong><\/div>\n<div><strong><span class=\"Estilo8\">Pasionaria (Pasiflora)<\/span><\/strong><\/div>\n<div><strong><span class=\"Estilo8\">Peperina<\/span><\/strong><\/div>\n<div><strong><span class=\"Estilo8\">Perejil ra\u00edz<\/span><\/strong><\/div>\n<div>\n<div><strong><span class=\"Estilo8\">Laurel<\/span><\/strong><\/div>\n<div><strong><span class=\"Estilo8\">Lengua de vaca<\/span><\/strong><\/div>\n<div>\n<div><strong><span class=\"Estilo8\">Pezu\u00f1a de vaca<\/span><\/strong><\/div>\n<div><strong><span class=\"Estilo8\">Poleo<\/span><\/strong><\/div>\n<div><strong><span class=\"Estilo8\">Pulmonaria<\/span><\/strong><\/div>\n<div><strong><span class=\"Estilo8\">Quebracho corteza<\/span><\/strong><\/div>\n<div><strong><span class=\"Estilo8\">Quiebra arado ra\u00edz<\/span><\/strong><\/div>\n<div><strong><span class=\"Estilo8\">Quimpe<\/span><\/strong><\/div>\n<\/div>\n<\/div>\n<div>&nbsp;<\/div>\n<\/td>\n<td width=\"11\">&nbsp;<\/td>\n<td width=\"120\">\n<div>\n<div><strong><span class=\"Estilo8\">Quina<\/span><\/strong><\/div>\n<div><strong><span class=\"Estilo8\">Regaliz ra\u00edz<\/span><\/strong><\/div>\n<div><strong><span class=\"Estilo8\">Retamilla<\/span><\/strong><\/div>\n<div><strong><span class=\"Estilo8\">Romerillo<br><\/span><\/strong><strong><span class=\"Estilo8\">Romero (Guin\u00e9)<\/span><\/strong><\/div>\n<\/div>\n<div><strong><span class=\"Estilo8\">Rompepiedra<\/span><\/strong><\/div>\n<div><strong><span class=\"Estilo8\">Ruda<\/span><\/strong><\/div>\n<div><strong><span class=\"Estilo8\">Sabina<\/span><\/strong><\/div>\n<div><strong><span class=\"Estilo8\">Salvia blanca<\/span><\/strong><\/div>\n<div><strong><span class=\"Estilo8\">Salvia de la puna (Asma puna)<\/span><\/strong><\/div>\n<div><strong><span class=\"Estilo8\">Salvia morada<\/span><\/strong><\/div>\n<div><strong><span class=\"Estilo8\">Sanalotodo (Cambalacho)<\/span><\/strong><\/div>\n<div><strong><span class=\"Estilo8\">Sanguinaria (Siete sangr\u00edas)<\/span><\/strong><\/div>\n<div><strong><span class=\"Estilo8\">Sarandi<\/span><\/strong><\/div>\n<div><strong><span class=\"Estilo8\">Sauce<\/span><\/strong><\/div>\n<div><strong><span class=\"Estilo8\">Sauco hoja<\/span><\/strong><\/div>\n<div><strong><span class=\"Estilo8\">Sen hoja<\/span><\/strong><\/div>\n<div><strong><span class=\"Estilo8\">Sidra corteza<\/span><\/strong><\/div>\n<div><strong><span class=\"Estilo8\">Sombra de toro (Yerba del toro)<\/span><\/strong><\/div>\n<div><strong><span class=\"Estilo8\">Suico<\/span><\/strong><\/div>\n<div><strong><span class=\"Estilo8\">Tasi<\/span><\/strong><\/div>\n<div><strong><span class=\"Estilo8\">Te de burro (Te andino)<\/span><\/strong><\/div>\n<div><strong><span class=\"Estilo8\">Te Rojo<\/span><\/strong><\/div>\n<div><strong><span class=\"Estilo8\">Te verde<\/span><\/strong><\/div>\n<div><strong><span class=\"Estilo8\">Tilo flor<\/span><\/strong><\/div>\n<div><strong><span class=\"Estilo8\">Tola tola<\/span><\/strong><\/div>\n<div><strong><span class=\"Estilo8\">Topasaire<\/span><\/strong><\/div>\n<div><strong><span class=\"Estilo8\">Tramontana<\/span><\/strong><\/div>\n<div><strong><span class=\"Estilo8\">Tusca<\/span><\/strong><\/div>\n<div><strong><span class=\"Estilo8\">Tusilago<\/span><\/strong><\/div>\n<div><strong><span class=\"Estilo8\">Ulmaria (Reina de prados)<\/span><\/strong><\/div>\n<div><strong><span class=\"Estilo8\">U\u00f1a de gato<\/span><\/strong><\/div>\n<div><strong><span class=\"Estilo8\">Uva ursi (Gayuba)<\/span><\/strong><\/div>\n<div><strong><span class=\"Estilo8\">Valeriana<\/span><\/strong><\/div>\n<div><strong><span class=\"Estilo8\">Verbena<\/span><\/strong><\/div>\n<div><strong><span class=\"Estilo8\">Vinal<\/span><\/strong><\/div>\n<div><strong><span class=\"Estilo8\">Vira vira<\/span><\/strong><\/div>\n<div><strong><span class=\"Estilo8\">Yerba buena<\/span><\/strong><\/div>\n<div><strong><span class=\"Estilo8\">Yerba carnicera<\/span><\/strong><\/div>\n<div><strong><span class=\"Estilo8\">Yerba de la golondrina (Yerba de la paloma)<\/span><\/strong><\/div>\n<div><strong><span class=\"Estilo8\">Yerba de la perdiz (Perlilla)<\/span><\/strong><\/div>\n<div><strong><span class=\"Estilo8\">Yerba de la piedra (Barba de piedra)<\/span><\/strong><\/div>\n<div><strong><span class=\"Estilo8\">Yerba de pollo<\/span><\/strong><\/div>\n<div><strong><span class=\"Estilo8\">Yerba del ciervo<\/span><\/strong><\/div>\n<div><strong><span class=\"Estilo8\">Yerba del p\u00e1jaro (Tomillo)<\/span><\/strong><\/div>\n<div><strong><span class=\"Estilo8\">Yerba dulce<\/span><\/strong><\/div>\n<div><span class=\"Estilo8\"><strong>Yerba larca<\/strong><\/span><\/div>\n<\/td>\n<\/tr>\n<\/tbody>\n<\/table>\n<\/div>\t\t\t\t\t\t<\/div>\n\t\t\t\t<\/div>\n\t\t\t\t\t<\/div>\n\t\t<\/div>\n\t\t\t\t\t\t\t<\/div>\n\t\t<\/section>\n\t\t\t\t\t<\/div>\n\t\t<\/div>\n\t\t\t\t\t\t\t<\/div>\n\t\t<\/section>\n\t\t\t\t\t\t\t<\/div>\n\t\t","protected":false},"excerpt":{"rendered":"<p>HIERBAS (fraccionadas kilo, medio kilo, 1\/4 kilo, 100 grs, 50 grs. y 25 grs.) Abedul Acoro (C\u00e1lamo) Aguaribay (Gualeguay\/Aberiguay) Ajenjo Albahaca Alcachofa Alfalfa Alfilerillo Alhucema Flor (Lavanda\/Alfasema) Aloe del cabo Altamisa Amarg\u00f3n (Diente de le\u00f3n) Ambay Anacahuita Ang\u00e9lica An\u00eds estrellado An\u00eds verde semilla Apio cimarr\u00f3n Artemisa AtamisquiAzahar Baila bien Bardana Boldo Bolsa del pastor Borraja&hellip;&nbsp;<a href=\"https:\/\/santeriaindiecito.com.ar\/index.php\/hierbas\/\" class=\"\" rel=\"bookmark\">Leer m\u00e1s &raquo;<span class=\"screen-reader-text\">Hierbas<\/span><\/a><\/p>\n","protected":false},"author":1,"featured_media":0,"parent":0,"menu_order":0,"comment_status":"closed","ping_status":"closed","template":"page-templates\/template-pagebuilder-full-width.php","meta":{"neve_meta_sidebar":"full-width","neve_meta_container":"","neve_meta_enable_content_width":"on","neve_meta_content_width":100,"neve_meta_title_alignment":"","neve_meta_author_avatar":"","neve_post_elements_order":"","neve_meta_disable_header":"","neve_meta_disable_footer":"","neve_meta_disable_title":"","footnotes":"","_joinchat":[]},"_links":{"self":[{"href":"https:\/\/santeriaindiecito.com.ar\/index.php\/wp-json\/wp\/v2\/pages\/1143"}],"collection":[{"href":"https:\/\/santeriaindiecito.com.ar\/index.php\/wp-json\/wp\/v2\/pages"}],"about":[{"href":"https:\/\/santeriaindiecito.com.ar\/index.php\/wp-json\/wp\/v2\/types\/page"}],"author":[{"embeddable":true,"href":"https:\/\/santeriaindiecito.com.ar\/index.php\/wp-json\/wp\/v2\/users\/1"}],"replies":[{"embeddable":true,"href":"https:\/\/santeriaindiecito.com.ar\/index.php\/wp-json\/wp\/v2\/comments?post=1143"}],"version-history":[{"count":33,"href":"https:\/\/santeriaindiecito.com.ar\/index.php\/wp-json\/wp\/v2\/pages\/1143\/revisions"}],"predecessor-version":[{"id":2530,"href":"https:\/\/santeriaindiecito.com.ar\/index.php\/wp-json\/wp\/v2\/pages\/1143\/revisions\/2530"}],"wp:attachment":[{"href":"https:\/\/santeriaindiecito.com.ar\/index.php\/wp-json\/wp\/v2\/media?parent=1143"}],"curies":[{"name":"wp","href":"https:\/\/api.w.org\/{rel}","templated":true}]}}